

{"id":1029,"date":"2017-04-26T14:59:12","date_gmt":"2017-04-26T17:59:12","guid":{"rendered":"http:\/\/www.goldenomega.cl\/innovacion\/pilot-plant\/"},"modified":"2020-09-04T15:12:47","modified_gmt":"2020-09-04T19:12:47","slug":"planta-piloto","status":"publish","type":"page","link":"https:\/\/www.goldenomega.cl\/es\/innovacion\/planta-piloto\/","title":{"rendered":"PLANTA PILOTO"},"content":{"rendered":"[vc_row type=\u00bbin_container\u00bb full_screen_row_position=\u00bbmiddle\u00bb scene_position=\u00bbcenter\u00bb text_color=\u00bbdark\u00bb text_align=\u00bbleft\u00bb top_padding=\u00bb25&#8243; bottom_padding=\u00bb25&#8243; overlay_strength=\u00bb0.3&#8243;][vc_column column_padding=\u00bbno-extra-padding\u00bb column_padding_position=\u00bball\u00bb background_color_opacity=\u00bb1&#8243; background_hover_color_opacity=\u00bb1&#8243; column_shadow=\u00bbnone\u00bb width=\u00bb1\/3&#8243; tablet_text_alignment=\u00bbdefault\u00bb phone_text_alignment=\u00bbdefault\u00bb column_border_width=\u00bbnone\u00bb column_border_style=\u00bbsolid\u00bb][vc_column_text css_animation=\u00bbnone\u00bb]\n<h2><span style=\"color: #0081c9;\">PLANTA PILOTO<\/span><\/h2>\n[\/vc_column_text][vc_column_text css_animation=\u00bbnone\u00bb el_class=\u00bbreadmore-content\u00bb]\n<h6><a href=\"http:\/\/www.goldenomega.cles\/innovacion\/\">&lt; ATR\u00c1S A\u00a0INNOVACI\u00d3N<\/a><\/h6>\n[\/vc_column_text][\/vc_column][vc_column column_padding=\u00bbno-extra-padding\u00bb column_padding_position=\u00bball\u00bb background_color_opacity=\u00bb1&#8243; background_hover_color_opacity=\u00bb1&#8243; column_shadow=\u00bbnone\u00bb width=\u00bb2\/3&#8243; tablet_text_alignment=\u00bbdefault\u00bb phone_text_alignment=\u00bbdefault\u00bb column_border_width=\u00bbnone\u00bb column_border_style=\u00bbsolid\u00bb][vc_column_text]\n<p class=\"p1\">Golden Omega posee una infraestructura moderna para el desarrollo de nuevas tecnolog\u00edas y su escalamiento productivo.<\/p>\n[\/vc_column_text][divider line_type=\u00bbNo Line\u00bb custom_height=\u00bb15&#8243;][vc_row_inner column_margin=\u00bbdefault\u00bb text_align=\u00bbleft\u00bb class=\u00bbgrande\u00bb css=\u00bb.vc_custom_1562084531149{margin-bottom: 20px !important;border-top-width: 2px !important;border-bottom-width: 2px !important;border-top-color: #c1c1c1 !important;border-top-style: dotted !important;border-bottom-color: #c1c1c1 !important;border-bottom-style: dotted !important;}\u00bb][vc_column_inner column_padding=\u00bbno-extra-padding\u00bb column_padding_position=\u00bball\u00bb background_color_opacity=\u00bb1&#8243; el_class=\u00bbborder-righto\u00bb width=\u00bb1\/2&#8243; column_border_width=\u00bbnone\u00bb column_border_style=\u00bbsolid\u00bb][vc_column_text css=\u00bb.vc_custom_1516887286546{padding-top: 20px !important;}\u00bb]<strong><span style=\"color: #0081c9;\">PLANTA PRODUCTIVA<\/span><\/strong>[\/vc_column_text][image_with_animation image_url=\u00bb180&#8243; alignment=\u00bbcenter\u00bb animation=\u00bbNone\u00bb box_shadow=\u00bbnone\u00bb max_width=\u00bb100%\u00bb delay=\u00bb50&#8243;][divider line_type=\u00bbNo Line\u00bb custom_height=\u00bb20&#8243;][\/vc_column_inner][vc_column_inner column_padding=\u00bbno-extra-padding\u00bb column_padding_position=\u00bball\u00bb background_color_opacity=\u00bb1&#8243; width=\u00bb1\/2&#8243; column_border_width=\u00bbnone\u00bb column_border_style=\u00bbsolid\u00bb][vc_column_text css=\u00bb.vc_custom_1516887314570{padding-top: 20px !important;}\u00bb]<strong><span style=\"color: #0081c9;\">PLANTA PILOTO<\/span><\/strong>[\/vc_column_text][image_with_animation image_url=\u00bb181&#8243; alignment=\u00bbcenter\u00bb animation=\u00bbNone\u00bb box_shadow=\u00bbnone\u00bb max_width=\u00bb100%\u00bb delay=\u00bb100&#8243;][divider line_type=\u00bbNo Line\u00bb custom_height=\u00bb20&#8243;][\/vc_column_inner][\/vc_row_inner][vc_row_inner column_margin=\u00bbdefault\u00bb text_align=\u00bbleft\u00bb class=\u00bbchico\u00bb css=\u00bb.vc_custom_1504040139457{border-top-width: 1px !important;border-bottom-width: 1px !important;padding-top: 20px !important;padding-bottom: 20px !important;border-top-color: #858585 !important;border-top-style: dashed !important;border-bottom-color: #858585 !important;border-bottom-style: dashed !important;}\u00bb][vc_column_inner column_padding=\u00bbno-extra-padding\u00bb column_padding_position=\u00bball\u00bb background_color_opacity=\u00bb1&#8243; width=\u00bb1\/2&#8243; column_border_width=\u00bbnone\u00bb column_border_style=\u00bbsolid\u00bb][vc_column_text]<strong><span style=\"color: #0081c9;\">PLANTA PRODUCTIVA<\/span><\/strong>[\/vc_column_text][image_with_animation image_url=\u00bb180&#8243; alignment=\u00bbcenter\u00bb animation=\u00bbNone\u00bb box_shadow=\u00bbnone\u00bb max_width=\u00bb100%\u00bb delay=\u00bb50&#8243;][\/vc_column_inner][vc_column_inner column_padding=\u00bbno-extra-padding\u00bb column_padding_position=\u00bball\u00bb background_color_opacity=\u00bb1&#8243; width=\u00bb1\/2&#8243; column_border_width=\u00bbnone\u00bb column_border_style=\u00bbsolid\u00bb][vc_column_text css=\u00bb.vc_custom_1516887323356{border-top-width: 1px !important;padding-top: 20px !important;padding-bottom: 20px !important;border-top-color: #858585 !important;border-top-style: dashed !important;}\u00bb]<strong><span style=\"color: #0081c9;\">PLANTA PILOTO<\/span><\/strong>[\/vc_column_text][image_with_animation image_url=\u00bb181&#8243; alignment=\u00bbcenter\u00bb animation=\u00bbNone\u00bb box_shadow=\u00bbnone\u00bb max_width=\u00bb100%\u00bb delay=\u00bb100&#8243;][\/vc_column_inner][\/vc_row_inner][vc_column_text css_animation=\u00bbnone\u00bb]\n<p class=\"p1\">Cada paso del proceso productivo tiene su s\u00edmil a escala piloto. Esto permite una mejora continua de procesos, capacitaci\u00f3n del personal y una eficiente entrega de nuevos productos y soluciones para nuestros clientes, adem\u00e1s del desarrollo continuo de nuevas tecnolog\u00edas que nos llevar\u00e1n a ofrecer productos incluso mejores y nuevas soluciones para el mercado del Omega-3.<\/p>\n[\/vc_column_text][divider line_type=\u00bbNo Line\u00bb custom_height=\u00bb25&#8243;][vc_row_inner column_margin=\u00bbdefault\u00bb text_align=\u00bbleft\u00bb css=\u00bb.vc_custom_1562084551235{margin-top: 0px !important;margin-bottom: 0px !important;border-top-width: 0px !important;border-bottom-width: 0px !important;border-top-color: #5c666f !important;border-top-style: dotted !important;border-bottom-color: #5c666f !important;border-bottom-style: dotted !important;}\u00bb][vc_column_inner column_padding=\u00bbno-extra-padding\u00bb column_padding_position=\u00bball\u00bb background_color_opacity=\u00bb1&#8243; width=\u00bb1\/1&#8243; column_border_width=\u00bbnone\u00bb column_border_style=\u00bbsolid\u00bb]\n\t\t\t\t<p class=\"rs-p-wp-fix\"><\/p>\n\t\t\t\t<sr7-module data-alias=\"innovation\" data-id=\"3\" id=\"SR7_3_1\" class=\"rs-ov-hidden\" data-version=\"6.7.53\">\n\t\t\t\t\t<sr7-adjuster><\/sr7-adjuster>\n\t\t\t\t\t<sr7-content>\n\t\t\t\t\t\t<sr7-slide id=\"SR7_3_1-1\" data-key=\"1\">\n\t\t\t\t\t\t\t<sr7-bg id=\"SR7_3_1-1-1\" class=\"sr7-layer\"><noscript><img decoding=\"async\" src=\"https:\/\/www.goldenomega.cl\/wp-content\/uploads\/2017\/04\/img01_banner02.jpg\" alt=\"\" title=\"img01_banner02\"><\/noscript><\/sr7-bg>\n\t\t\t\t\t\t<\/sr7-slide>\n\t\t\t\t\t\t<sr7-slide id=\"SR7_3_1-6\" data-key=\"6\">\n\t\t\t\t\t\t\t<sr7-bg id=\"SR7_3_1-6-1\" class=\"sr7-layer\"><noscript><img decoding=\"async\" src=\"https:\/\/www.goldenomega.cl\/wp-content\/uploads\/2017\/04\/img02_banner02-1.jpg\" alt=\"\" title=\"img02_banner02\"><\/noscript><\/sr7-bg>\n\t\t\t\t\t\t<\/sr7-slide>\n\t\t\t\t\t\t<sr7-slide id=\"SR7_3_1-7\" data-key=\"7\">\n\t\t\t\t\t\t\t<sr7-bg id=\"SR7_3_1-7-1\" class=\"sr7-layer\"><noscript><img decoding=\"async\" src=\"https:\/\/www.goldenomega.cl\/wp-content\/uploads\/2017\/04\/img03_banner02-1.jpg\" alt=\"\" title=\"img03_banner02\"><\/noscript><\/sr7-bg>\n\t\t\t\t\t\t<\/sr7-slide>\n\t\t\t\t\t<\/sr7-content>\n\t\t\t\t\t<image_lists style=\"display:none\">\n\t\t\t\t\t\t<img data-src=\"\/\/www.goldenomega.cl\/wp-content\/uploads\/2017\/04\/img01_banner02.jpg\" width=\"0\" height=\"0\" data-dbsrc=\"Ly93d3cuZ29sZGVub21lZ2EuY2wvd3AtY29udGVudC91cGxvYWRzLzIwMTcvMDQvaW1nMDFfYmFubmVyMDIuanBn\"\/>\n\t\t\t\t\t\t<img data-src=\"\/\/www.goldenomega.cl\/wp-content\/uploads\/2017\/04\/img02_banner02-1.jpg\" width=\"0\" height=\"0\" data-dbsrc=\"Ly93d3cuZ29sZGVub21lZ2EuY2wvd3AtY29udGVudC91cGxvYWRzLzIwMTcvMDQvaW1nMDJfYmFubmVyMDItMS5qcGc=\"\/>\n\t\t\t\t\t\t<img data-src=\"\/\/www.goldenomega.cl\/wp-content\/uploads\/2017\/04\/img03_banner02-1.jpg\" width=\"0\" height=\"0\" data-dbsrc=\"Ly93d3cuZ29sZGVub21lZ2EuY2wvd3AtY29udGVudC91cGxvYWRzLzIwMTcvMDQvaW1nMDNfYmFubmVyMDItMS5qcGc=\"\/>\n\t\t\t\t\t<\/image_lists>\n\t\t\t\t<\/sr7-module>\n\t\t\t\t<script>\n\t\t\t\t\twindow.SR7 ??={};SR7.PMH ??={}; SR7.PMH[\"SR7_3_1\"] = {cn:100,state:false,fn: function() { if (window._tpt!==undefined && window._tpt.prepareModuleHeight !== undefined) {  _tpt.prepareModuleHeight({id:\"SR7_3_1\",type:'standard',shdw:'0',gh:[350,350,350,350,223],gw:[755,755,755,755,480],vpt:['-200px'],size:{fullWidth:false, fullHeight:false},mh:'0',onh:0,onw:0,bg:{color:'{\"orig\":\"transparent\",\"type\":\"solid\",\"string\":\"transparent\"}'},plType:'0',plColor:'#FFFFFF'});   SR7.PMH[\"SR7_3_1\"].state=true;} else if(SR7.PMH[\"SR7_3_1\"].cn-->0)\tsetTimeout( SR7.PMH[\"SR7_3_1\"].fn,19);}};SR7.PMH[\"SR7_3_1\" ].fn();\n\t\t\t\t<\/script>\n[\/vc_column_inner][\/vc_row_inner][\/vc_column][\/vc_row]\n","protected":false},"excerpt":{"rendered":"<p>[vc_row type=\u00bbin_container\u00bb full_screen_row_position=\u00bbmiddle\u00bb scene_position=\u00bbcenter\u00bb text_color=\u00bbdark\u00bb text_align=\u00bbleft\u00bb top_padding=\u00bb25&#8243; bottom_padding=\u00bb25&#8243; overlay_strength=\u00bb0.3&#8243;][vc_column column_padding=\u00bbno-extra-padding\u00bb column_padding_position=\u00bball\u00bb background_color_opacity=\u00bb1&#8243; background_hover_color_opacity=\u00bb1&#8243; column_shadow=\u00bbnone\u00bb width=\u00bb1\/3&#8243; tablet_text_alignment=\u00bbdefault\u00bb phone_text_alignment=\u00bbdefault\u00bb column_border_width=\u00bbnone\u00bb column_border_style=\u00bbsolid\u00bb][vc_column_text css_animation=\u00bbnone\u00bb] PLANTA PILOTO [\/vc_column_text][vc_column_text css_animation=\u00bbnone\u00bb el_class=\u00bbreadmore-content\u00bb] &lt; ATR\u00c1S A\u00a0INNOVACI\u00d3N [\/vc_column_text][\/vc_column][vc_column column_padding=\u00bbno-extra-padding\u00bb&#8230;<\/p>\n","protected":false},"author":1,"featured_media":0,"parent":974,"menu_order":0,"comment_status":"closed","ping_status":"closed","template":"","meta":{"inline_featured_image":false,"footnotes":""},"class_list":["post-1029","page","type-page","status-publish"],"_links":{"self":[{"href":"https:\/\/www.goldenomega.cl\/es\/wp-json\/wp\/v2\/pages\/1029","targetHints":{"allow":["GET"]}}],"collection":[{"href":"https:\/\/www.goldenomega.cl\/es\/wp-json\/wp\/v2\/pages"}],"about":[{"href":"https:\/\/www.goldenomega.cl\/es\/wp-json\/wp\/v2\/types\/page"}],"author":[{"embeddable":true,"href":"https:\/\/www.goldenomega.cl\/es\/wp-json\/wp\/v2\/users\/1"}],"replies":[{"embeddable":true,"href":"https:\/\/www.goldenomega.cl\/es\/wp-json\/wp\/v2\/comments?post=1029"}],"version-history":[{"count":0,"href":"https:\/\/www.goldenomega.cl\/es\/wp-json\/wp\/v2\/pages\/1029\/revisions"}],"up":[{"embeddable":true,"href":"https:\/\/www.goldenomega.cl\/es\/wp-json\/wp\/v2\/pages\/974"}],"wp:attachment":[{"href":"https:\/\/www.goldenomega.cl\/es\/wp-json\/wp\/v2\/media?parent=1029"}],"curies":[{"name":"wp","href":"https:\/\/api.w.org\/{rel}","templated":true}]}}