

{"id":1062,"date":"2017-04-20T15:07:30","date_gmt":"2017-04-20T18:07:30","guid":{"rendered":"http:\/\/www.goldenomega.cl\/calidad\/quality-control\/"},"modified":"2021-02-22T17:26:08","modified_gmt":"2021-02-22T20:26:08","slug":"control-de-calidad","status":"publish","type":"page","link":"https:\/\/www.goldenomega.cl\/es\/calidad\/control-de-calidad\/","title":{"rendered":"Control de Calidad"},"content":{"rendered":"[vc_row type=\u00bbin_container\u00bb full_screen_row_position=\u00bbmiddle\u00bb scene_position=\u00bbcenter\u00bb text_color=\u00bbdark\u00bb text_align=\u00bbleft\u00bb top_padding=\u00bb25&#8243; bottom_padding=\u00bb25&#8243; overlay_strength=\u00bb0.3&#8243;][vc_column column_padding=\u00bbno-extra-padding\u00bb column_padding_position=\u00bball\u00bb background_color_opacity=\u00bb1&#8243; background_hover_color_opacity=\u00bb1&#8243; column_shadow=\u00bbnone\u00bb width=\u00bb1\/3&#8243; tablet_text_alignment=\u00bbdefault\u00bb phone_text_alignment=\u00bbdefault\u00bb column_border_width=\u00bbnone\u00bb column_border_style=\u00bbsolid\u00bb][vc_column_text css_animation=\u00bbnone\u00bb]\n<h2><span style=\"color: #0081c9;\">CALIDAD<\/span><\/h2>\n[\/vc_column_text][vc_wp_custommenu nav_menu=\u00bb10&#8243;][\/vc_column][vc_column column_padding=\u00bbno-extra-padding\u00bb column_padding_position=\u00bball\u00bb background_color_opacity=\u00bb1&#8243; background_hover_color_opacity=\u00bb1&#8243; column_shadow=\u00bbnone\u00bb width=\u00bb2\/3&#8243; tablet_text_alignment=\u00bbdefault\u00bb phone_text_alignment=\u00bbdefault\u00bb column_border_width=\u00bbnone\u00bb column_border_style=\u00bbsolid\u00bb][vc_column_text css_animation=\u00bbnone\u00bb]\n<div class=\"page\" title=\"Page 8\">\n<div class=\"section\">\n<div class=\"layoutArea\">\n<div class=\"column\">\n<h5><span style=\"color: #0082ca;\">CONTROL DE CALIDAD<\/span><\/h5>\n<p><!--- --><br \/>\nEl Departamento de Control de Calidad de Golden Omega es responsable de certificar la liberaci\u00f3n de los productos luego de un an\u00e1lisis exhaustivo acorde a las rigurosas especificaciones, m\u00e9todos y procedimientos desarrollados y validados conforme a gu\u00edas internacionales tales como European Pharmacopeia, USP, AOCS y GOED.<\/p>\n<p>La determinaci\u00f3n de par\u00e1metros composicionales y un selecto conjunto de trazadores de contaminantes es llevada a cabo rutinariamente por nuestro equipo de experimentados analistas en el laboratorio de Control de Calidad, teniendo la formaci\u00f3n y capacidades anal\u00edticas para testear materias primas, productos en proceso y productos terminados usando un amplio rango de t\u00e9cnicas:<\/p>\n<\/div>\n<\/div>\n<\/div>\n<\/div>\n[\/vc_column_text][divider line_type=\u00bbNo Line\u00bb custom_height=\u00bb25&#8243;][image_with_animation image_url=\u00bb1064&#8243; alignment=\u00bbcenter\u00bb animation=\u00bbNone\u00bb box_shadow=\u00bbnone\u00bb max_width=\u00bb100%\u00bb][vc_row_inner column_margin=\u00bbdefault\u00bb text_align=\u00bbleft\u00bb css=\u00bb.vc_custom_1562083692692{margin-top: 25px !important;margin-bottom: 0px !important;border-top-width: 2px !important;border-bottom-width: 0px !important;padding-top: 22px !important;border-top-color: #c1c1c1 !important;border-top-style: dotted !important;border-bottom-color: #c1c1c1 !important;border-bottom-style: dotted !important;}\u00bb][vc_column_inner column_padding=\u00bbno-extra-padding\u00bb column_padding_position=\u00bball\u00bb background_color_opacity=\u00bb1&#8243; width=\u00bb1\/1&#8243; column_border_width=\u00bbnone\u00bb column_border_style=\u00bbsolid\u00bb][vc_column_text css_animation=\u00bbnone\u00bb]\n<p class=\"p1\">An\u00e1lisis externos para cumplimiento de regulaciones nacionales e internacionales, as\u00ed como requerimientos particulares de clientes, son tambi\u00e9n realizados por el Departamento de Control de Calidad.<\/p>\n[\/vc_column_text][vc_column_text css_animation=\u00bbnone\u00bb el_class=\u00bbfantasma\u00bb]\n<p class=\"p1\">An\u00e1lisis externos para cumplimiento de regulaciones nacionales e internacionales, as\u00ed como requerimientos particulares de clientes, son tambi\u00e9n realizados por el Departamento de Control de Calidad.<\/p>\n<p class=\"p1\">En colaboraci\u00f3n con la Universidad Federal de Santa Catarina (Brasil) y el Trace Element Speciation Laboratory de la Universidad de Aberdeen (Reino Unido), el Departamento de Control de Calidad de Golden Omega se ha comprometido con la investigaci\u00f3n y desarrollo de t\u00e9cnicas anal\u00edticas innovadoras para la caracterizaci\u00f3n avanzada de concentrados de Omega-3, resultando en la publicaci\u00f3n de dos publicaciones revisadas por pares en importantes revistas cient\u00edficas:<\/p>\n<ul class=\"tickets\">\n<li class=\"p1\">Investigaci\u00f3n de modificadores qu\u00edmicos para la determinaci\u00f3n directa de ars\u00e9nico en el aceite de pescado usando espectrometr\u00eda de absorci\u00f3n at\u00f3mica de horno de grafito de fuente continua de alta resoluci\u00f3n. Talanta 150 (2016) 142-147.<\/li>\n<\/ul>\n<ul class=\"tickets\">\n<li class=\"p1\">Ars\u00e9nico que contiene \u00e1cidos de cadena media y larga en aceite de pescado identificados como productos de degradaci\u00f3n utilizando fase reversa HPLC-ICP-MS\/ESI-MS. J. Anal. At. Spectrom. 31 (2016) 1836-1845<\/li>\n<\/ul>\n[\/vc_column_text][\/vc_column_inner][\/vc_row_inner][\/vc_column][\/vc_row][vc_row type=\u00bbin_container\u00bb full_screen_row_position=\u00bbmiddle\u00bb scene_position=\u00bbcenter\u00bb text_color=\u00bbdark\u00bb text_align=\u00bbleft\u00bb overlay_strength=\u00bb0.3&#8243;][vc_column column_padding=\u00bbno-extra-padding\u00bb column_padding_position=\u00bball\u00bb background_color_opacity=\u00bb1&#8243; background_hover_color_opacity=\u00bb1&#8243; column_shadow=\u00bbnone\u00bb width=\u00bb1\/1&#8243; tablet_text_alignment=\u00bbdefault\u00bb phone_text_alignment=\u00bbdefault\u00bb column_border_width=\u00bbnone\u00bb column_border_style=\u00bbsolid\u00bb][vc_column_text]\n[\/vc_column_text][\/vc_column][\/vc_row]\n","protected":false},"excerpt":{"rendered":"<p>[vc_row type=\u00bbin_container\u00bb full_screen_row_position=\u00bbmiddle\u00bb scene_position=\u00bbcenter\u00bb text_color=\u00bbdark\u00bb text_align=\u00bbleft\u00bb top_padding=\u00bb25&#8243; bottom_padding=\u00bb25&#8243; overlay_strength=\u00bb0.3&#8243;][vc_column column_padding=\u00bbno-extra-padding\u00bb column_padding_position=\u00bball\u00bb background_color_opacity=\u00bb1&#8243; background_hover_color_opacity=\u00bb1&#8243; column_shadow=\u00bbnone\u00bb width=\u00bb1\/3&#8243; tablet_text_alignment=\u00bbdefault\u00bb phone_text_alignment=\u00bbdefault\u00bb column_border_width=\u00bbnone\u00bb column_border_style=\u00bbsolid\u00bb][vc_column_text css_animation=\u00bbnone\u00bb] CALIDAD [\/vc_column_text][vc_wp_custommenu nav_menu=\u00bb10&#8243;][\/vc_column][vc_column column_padding=\u00bbno-extra-padding\u00bb column_padding_position=\u00bball\u00bb background_color_opacity=\u00bb1&#8243; background_hover_color_opacity=\u00bb1&#8243; column_shadow=\u00bbnone\u00bb width=\u00bb2\/3&#8243; tablet_text_alignment=\u00bbdefault\u00bb&#8230;<\/p>\n","protected":false},"author":1,"featured_media":0,"parent":1036,"menu_order":0,"comment_status":"closed","ping_status":"closed","template":"","meta":{"inline_featured_image":false,"footnotes":""},"class_list":["post-1062","page","type-page","status-publish"],"_links":{"self":[{"href":"https:\/\/www.goldenomega.cl\/es\/wp-json\/wp\/v2\/pages\/1062","targetHints":{"allow":["GET"]}}],"collection":[{"href":"https:\/\/www.goldenomega.cl\/es\/wp-json\/wp\/v2\/pages"}],"about":[{"href":"https:\/\/www.goldenomega.cl\/es\/wp-json\/wp\/v2\/types\/page"}],"author":[{"embeddable":true,"href":"https:\/\/www.goldenomega.cl\/es\/wp-json\/wp\/v2\/users\/1"}],"replies":[{"embeddable":true,"href":"https:\/\/www.goldenomega.cl\/es\/wp-json\/wp\/v2\/comments?post=1062"}],"version-history":[{"count":0,"href":"https:\/\/www.goldenomega.cl\/es\/wp-json\/wp\/v2\/pages\/1062\/revisions"}],"up":[{"embeddable":true,"href":"https:\/\/www.goldenomega.cl\/es\/wp-json\/wp\/v2\/pages\/1036"}],"wp:attachment":[{"href":"https:\/\/www.goldenomega.cl\/es\/wp-json\/wp\/v2\/media?parent=1062"}],"curies":[{"name":"wp","href":"https:\/\/api.w.org\/{rel}","templated":true}]}}