

{"id":2957,"date":"2021-02-12T12:50:20","date_gmt":"2021-02-12T15:50:20","guid":{"rendered":"https:\/\/www.goldenomega.cl\/?page_id=2957\/"},"modified":"2021-02-15T18:35:44","modified_gmt":"2021-02-15T21:35:44","slug":"sostenibilidad-de-recursos","status":"publish","type":"page","link":"https:\/\/www.goldenomega.cl\/es\/sustentabilidad\/sostenibilidad-de-recursos\/","title":{"rendered":"Sostenibilidad de recursos"},"content":{"rendered":"[vc_row type=\u00bbin_container\u00bb full_screen_row_position=\u00bbmiddle\u00bb scene_position=\u00bbcenter\u00bb text_color=\u00bbdark\u00bb text_align=\u00bbleft\u00bb top_padding=\u00bb25&#8243; bottom_padding=\u00bb25&#8243; overlay_strength=\u00bb0.3&#8243;][vc_column column_padding=\u00bbno-extra-padding\u00bb column_padding_position=\u00bball\u00bb background_color_opacity=\u00bb1&#8243; background_hover_color_opacity=\u00bb1&#8243; column_shadow=\u00bbnone\u00bb width=\u00bb1\/3&#8243; tablet_text_alignment=\u00bbdefault\u00bb phone_text_alignment=\u00bbdefault\u00bb column_border_width=\u00bbnone\u00bb column_border_style=\u00bbsolid\u00bb][vc_column_text css_animation=\u00bbnone\u00bb]\n<h2><span style=\"color: #0081c9;\">SOSTENIBILIDAD<\/span><\/h2>\n[\/vc_column_text][vc_wp_custommenu nav_menu=\u00bb17&#8243;][\/vc_column][vc_column column_padding=\u00bbno-extra-padding\u00bb column_padding_position=\u00bball\u00bb background_color_opacity=\u00bb1&#8243; background_hover_color_opacity=\u00bb1&#8243; column_shadow=\u00bbnone\u00bb width=\u00bb2\/3&#8243; tablet_text_alignment=\u00bbdefault\u00bb phone_text_alignment=\u00bbdefault\u00bb column_border_width=\u00bbnone\u00bb column_border_style=\u00bbsolid\u00bb][image_with_animation image_url=\u00bb2814&#8243; alignment=\u00bb\u00bb animation=\u00bbFade In\u00bb box_shadow=\u00bbnone\u00bb max_width=\u00bb100%\u00bb el_class=\u00bbimgborder\u00bb][vc_column_text]\n<div class=\"page\" title=\"Page 8\">\n<div class=\"section\">\n<div class=\"layoutArea\">\n<div class=\"column\">\n<h5><span style=\"color: #0082ca;\">SOSTENIBILIDAD DE RECURSOS<\/span><\/h5>\n<p><!--- --><\/p>\n<\/div>\n<\/div>\n<\/div>\n<\/div>\n[\/vc_column_text][image_with_animation image_url=\u00bb2910&#8243; alignment=\u00bb\u00bb animation=\u00bbFade In\u00bb box_shadow=\u00bbnone\u00bb max_width=\u00bb100%\u00bb][vc_row_inner equal_height=\u00bbyes\u00bb content_placement=\u00bbtop\u00bb column_margin=\u00bbdefault\u00bb top_padding=\u00bb10&#8243; bottom_padding=\u00bb10&#8243; text_align=\u00bbleft\u00bb css=\u00bb.vc_custom_1562076154314{margin-top: 0px !important;margin-bottom: 0px !important;border-top-width: 2px !important;border-bottom-width: 0px !important;border-top-color: #c1c1c1 !important;border-top-style: dotted !important;border-bottom-color: #c1c1c1 !important;border-bottom-style: dotted !important;}\u00bb][vc_column_inner column_padding=\u00bbno-extra-padding\u00bb column_padding_position=\u00bball\u00bb background_color_opacity=\u00bb1&#8243; width=\u00bb1\/12&#8243; column_border_width=\u00bbnone\u00bb column_border_style=\u00bbsolid\u00bb][image_with_animation image_url=\u00bb205&#8243; alignment=\u00bbcenter\u00bb animation=\u00bbNone\u00bb box_shadow=\u00bbnone\u00bb max_width=\u00bb100%\u00bb delay=\u00bb100&#8243;][\/vc_column_inner][vc_column_inner column_padding=\u00bbpadding-1-percent\u00bb column_padding_position=\u00bbtop-bottom\u00bb background_color_opacity=\u00bb1&#8243; width=\u00bb11\/12&#8243; column_border_width=\u00bbnone\u00bb column_border_style=\u00bbsolid\u00bb][vc_column_text css_animation=\u00bbnone\u00bb]\n<h5><span style=\"color: #0082ca;\">Operaciones eficientes y respetuosas del medio ambiente<\/span><\/h5>\n[\/vc_column_text][vc_column_text css_animation=\u00bbnone\u00bb]\n<ul class=\"tickets\">\n<li>Mantenemos un compromiso de largo plazo con la protecci\u00f3n del medioambiente y la administraci\u00f3n sustentable de los recursos. Esto incluye acciones que exceden lo requerido por la regulaci\u00f3n, as\u00ed como una cooperaci\u00f3n activa con organizacionales\u00a0y autoridades nacionales.<\/li>\n<li>Tenemos una trazabilidad completa de nuestra materia prima (aceite de pescado). Cada uno de nuestros proveedores est\u00e1 certificado por los programas Marin Trust y Friend of the Seas como responsables en sus actividades de captura y producci\u00f3n. Golden Omega es parte de la cadena de custodia de ambas certificaciones.<\/li>\n<li>Golden Omega participa en el programa Dolphin Safe.<\/li>\n<li>Golden Omega ha desarrollado un Programa de Monitoreo Medioambiental desde 2011 para asegurar que su operaci\u00f3n no deje huella alguna en el mar.<\/li>\n<li>No existe p\u00e9rdida de aceite en nuestro proceso productivo: las fracciones de aceite que no son transformadas en productos terminados son vendidas como subproductos para su uso en aplicaciones industriales. Promovemos la investigaci\u00f3n y desarrollo para agregar a\u00fan m\u00e1s valor a nuestros subproductos.<\/li>\n<\/ul>\n[\/vc_column_text][\/vc_column_inner][\/vc_row_inner][vc_row_inner column_margin=\u00bbdefault\u00bb top_padding=\u00bb10&#8243; bottom_padding=\u00bb15&#8243; text_align=\u00bbleft\u00bb css=\u00bb.vc_custom_1612992482410{border-top-width: 2px !important;border-bottom-width: 2px !important;border-top-color: #c1c1c1 !important;border-top-style: dotted !important;border-bottom-color: #c1c1c1 !important;border-bottom-style: dotted !important;}\u00bb][vc_column_inner column_padding=\u00bbno-extra-padding\u00bb column_padding_position=\u00bball\u00bb background_color_opacity=\u00bb1&#8243; el_class=\u00bbmargincol\u00bb width=\u00bb1\/12&#8243; column_border_width=\u00bbnone\u00bb column_border_style=\u00bbsolid\u00bb][image_with_animation image_url=\u00bb2857&#8243; alignment=\u00bb\u00bb animation=\u00bbNone\u00bb box_shadow=\u00bbnone\u00bb max_width=\u00bb100%\u00bb el_class=\u00bbmarginimg\u00bb][\/vc_column_inner][vc_column_inner column_padding=\u00bbno-extra-padding\u00bb column_padding_position=\u00bball\u00bb background_color_opacity=\u00bb1&#8243; width=\u00bb11\/12&#8243; column_border_width=\u00bbnone\u00bb column_border_style=\u00bbsolid\u00bb][vc_column_text]\n<h5><span style=\"color: #0081c9;\">TODAS NUESTRAS CERTIFICACIONES<\/span><\/h5>\n[\/vc_column_text][vc_column_text el_class=\u00bbreadmore-content\u00bb]\n<h6><a href=\"https:\/\/www.goldenomega.cles\/calidad\/certificaciones\/\">VER M\u00c1S &gt;<\/a><\/h6>\n[\/vc_column_text][\/vc_column_inner][\/vc_row_inner][\/vc_column][\/vc_row]\n","protected":false},"excerpt":{"rendered":"<p>[vc_row type=\u00bbin_container\u00bb full_screen_row_position=\u00bbmiddle\u00bb scene_position=\u00bbcenter\u00bb text_color=\u00bbdark\u00bb text_align=\u00bbleft\u00bb top_padding=\u00bb25&#8243; bottom_padding=\u00bb25&#8243; overlay_strength=\u00bb0.3&#8243;][vc_column column_padding=\u00bbno-extra-padding\u00bb column_padding_position=\u00bball\u00bb background_color_opacity=\u00bb1&#8243; background_hover_color_opacity=\u00bb1&#8243; column_shadow=\u00bbnone\u00bb width=\u00bb1\/3&#8243; tablet_text_alignment=\u00bbdefault\u00bb phone_text_alignment=\u00bbdefault\u00bb column_border_width=\u00bbnone\u00bb column_border_style=\u00bbsolid\u00bb][vc_column_text css_animation=\u00bbnone\u00bb] SOSTENIBILIDAD [\/vc_column_text][vc_wp_custommenu nav_menu=\u00bb17&#8243;][\/vc_column][vc_column column_padding=\u00bbno-extra-padding\u00bb column_padding_position=\u00bball\u00bb background_color_opacity=\u00bb1&#8243; background_hover_color_opacity=\u00bb1&#8243; column_shadow=\u00bbnone\u00bb width=\u00bb2\/3&#8243; tablet_text_alignment=\u00bbdefault\u00bb&#8230;<\/p>\n","protected":false},"author":3,"featured_media":0,"parent":2950,"menu_order":0,"comment_status":"closed","ping_status":"closed","template":"","meta":{"inline_featured_image":false,"footnotes":""},"class_list":["post-2957","page","type-page","status-publish"],"_links":{"self":[{"href":"https:\/\/www.goldenomega.cl\/es\/wp-json\/wp\/v2\/pages\/2957","targetHints":{"allow":["GET"]}}],"collection":[{"href":"https:\/\/www.goldenomega.cl\/es\/wp-json\/wp\/v2\/pages"}],"about":[{"href":"https:\/\/www.goldenomega.cl\/es\/wp-json\/wp\/v2\/types\/page"}],"author":[{"embeddable":true,"href":"https:\/\/www.goldenomega.cl\/es\/wp-json\/wp\/v2\/users\/3"}],"replies":[{"embeddable":true,"href":"https:\/\/www.goldenomega.cl\/es\/wp-json\/wp\/v2\/comments?post=2957"}],"version-history":[{"count":0,"href":"https:\/\/www.goldenomega.cl\/es\/wp-json\/wp\/v2\/pages\/2957\/revisions"}],"up":[{"embeddable":true,"href":"https:\/\/www.goldenomega.cl\/es\/wp-json\/wp\/v2\/pages\/2950"}],"wp:attachment":[{"href":"https:\/\/www.goldenomega.cl\/es\/wp-json\/wp\/v2\/media?parent=2957"}],"curies":[{"name":"wp","href":"https:\/\/api.w.org\/{rel}","templated":true}]}}