

{"id":2964,"date":"2021-02-12T13:00:38","date_gmt":"2021-02-12T16:00:38","guid":{"rendered":"https:\/\/www.goldenomega.cl\/?page_id=2964\/"},"modified":"2021-02-12T13:08:03","modified_gmt":"2021-02-12T16:08:03","slug":"participacion-en-la-comunidad","status":"publish","type":"page","link":"https:\/\/www.goldenomega.cl\/es\/sustentabilidad\/participacion-en-la-comunidad\/","title":{"rendered":"Participaci\u00f3n en la comunidad"},"content":{"rendered":"[vc_row type=\u00bbin_container\u00bb full_screen_row_position=\u00bbmiddle\u00bb scene_position=\u00bbcenter\u00bb text_color=\u00bbdark\u00bb text_align=\u00bbleft\u00bb top_padding=\u00bb25&#8243; bottom_padding=\u00bb25&#8243; overlay_strength=\u00bb0.3&#8243;][vc_column column_padding=\u00bbno-extra-padding\u00bb column_padding_position=\u00bball\u00bb background_color_opacity=\u00bb1&#8243; background_hover_color_opacity=\u00bb1&#8243; column_shadow=\u00bbnone\u00bb width=\u00bb1\/3&#8243; tablet_text_alignment=\u00bbdefault\u00bb phone_text_alignment=\u00bbdefault\u00bb column_border_width=\u00bbnone\u00bb column_border_style=\u00bbsolid\u00bb][vc_column_text css_animation=\u00bbnone\u00bb]\n<h2><span style=\"color: #0081c9;\">SUSTENTABILIDAD<\/span><\/h2>\n[\/vc_column_text][vc_wp_custommenu nav_menu=\u00bb18&#8243;][\/vc_column][vc_column column_padding=\u00bbno-extra-padding\u00bb column_padding_position=\u00bball\u00bb background_color_opacity=\u00bb1&#8243; background_hover_color_opacity=\u00bb1&#8243; column_shadow=\u00bbnone\u00bb width=\u00bb2\/3&#8243; tablet_text_alignment=\u00bbdefault\u00bb phone_text_alignment=\u00bbdefault\u00bb column_border_width=\u00bbnone\u00bb column_border_style=\u00bbsolid\u00bb][image_with_animation image_url=\u00bb2927&#8243; alignment=\u00bb\u00bb animation=\u00bbFade In\u00bb box_shadow=\u00bbnone\u00bb max_width=\u00bb100%\u00bb el_class=\u00bbimgborder\u00bb][vc_row_inner column_margin=\u00bbdefault\u00bb text_align=\u00bbleft\u00bb][vc_column_inner column_padding=\u00bbno-extra-padding\u00bb column_padding_position=\u00bball\u00bb background_color_opacity=\u00bb1&#8243; width=\u00bb1\/1&#8243; column_border_width=\u00bbnone\u00bb column_border_style=\u00bbsolid\u00bb][vc_column_text]\n<div class=\"page\" title=\"Page 8\">\n<div class=\"section\">\n<div class=\"layoutArea\">\n<div class=\"column\">\n<h5><span style=\"color: #0082ca;\">PARTICIPACI\u00d3N EN LA COMUNIDAD<\/span><\/h5>\n<p><!--- --><\/p>\n<\/div>\n<\/div>\n<\/div>\n<\/div>\n[\/vc_column_text][\/vc_column_inner][\/vc_row_inner][vc_row_inner equal_height=\u00bbyes\u00bb content_placement=\u00bbtop\u00bb column_margin=\u00bbdefault\u00bb top_padding=\u00bb10&#8243; bottom_padding=\u00bb10&#8243; text_align=\u00bbleft\u00bb css=\u00bb.vc_custom_1562076208823{margin-top: 0px !important;margin-bottom: 0px !important;border-top-width: 2px !important;border-bottom-width: 0px !important;border-top-color: #c1c1c1 !important;border-top-style: dotted !important;border-bottom-color: #c1c1c1 !important;border-bottom-style: dotted !important;}\u00bb][vc_column_inner column_padding=\u00bbno-extra-padding\u00bb column_padding_position=\u00bball\u00bb background_color_opacity=\u00bb1&#8243; width=\u00bb1\/4&#8243; column_border_width=\u00bbnone\u00bb column_border_style=\u00bbsolid\u00bb][image_with_animation image_url=\u00bb2930&#8243; alignment=\u00bb\u00bb animation=\u00bbFade In\u00bb box_shadow=\u00bbnone\u00bb max_width=\u00bb100%\u00bb][\/vc_column_inner][vc_column_inner column_padding=\u00bbpadding-1-percent\u00bb column_padding_position=\u00bbtop-bottom\u00bb background_color_opacity=\u00bb1&#8243; width=\u00bb3\/4&#8243; column_border_width=\u00bbnone\u00bb column_border_style=\u00bbsolid\u00bb][vc_column_text]Mantenemos un firme compromiso de contribuir a superar la pobreza y mejorar las condiciones de vida de los sectores m\u00e1s vulnerables de la poblaci\u00f3n, mediante el desarrollo de diversas iniciativas en esta direcci\u00f3n.<\/p>\n<p>Golden Omega lidera la campa\u00f1a \u00abOlas Zero Pl\u00e1stico\u00bb, iniciativa que busca sensibilizar a la comunidad sobre el grave impacto que provocan los desechos pl\u00e1sticos en la fauna marina a nivel mundial, as\u00ed como promover actividades de reciclaje y limpieza que contribuyan a preservar la pureza y vida del mar frente a las costas del norte de Chile.<\/p>\n<p>Para obtener m\u00e1s informaci\u00f3n haz <a href=\"http:\/\/www.olaszeroplastico.cl\/\">Click aqu\u00ed<\/a>[\/vc_column_text][\/vc_column_inner][\/vc_row_inner][\/vc_column][\/vc_row]\n","protected":false},"excerpt":{"rendered":"<p>[vc_row type=\u00bbin_container\u00bb full_screen_row_position=\u00bbmiddle\u00bb scene_position=\u00bbcenter\u00bb text_color=\u00bbdark\u00bb text_align=\u00bbleft\u00bb top_padding=\u00bb25&#8243; bottom_padding=\u00bb25&#8243; overlay_strength=\u00bb0.3&#8243;][vc_column column_padding=\u00bbno-extra-padding\u00bb column_padding_position=\u00bball\u00bb background_color_opacity=\u00bb1&#8243; background_hover_color_opacity=\u00bb1&#8243; column_shadow=\u00bbnone\u00bb width=\u00bb1\/3&#8243; tablet_text_alignment=\u00bbdefault\u00bb phone_text_alignment=\u00bbdefault\u00bb column_border_width=\u00bbnone\u00bb column_border_style=\u00bbsolid\u00bb][vc_column_text css_animation=\u00bbnone\u00bb] SUSTENTABILIDAD [\/vc_column_text][vc_wp_custommenu nav_menu=\u00bb18&#8243;][\/vc_column][vc_column column_padding=\u00bbno-extra-padding\u00bb column_padding_position=\u00bball\u00bb background_color_opacity=\u00bb1&#8243; background_hover_color_opacity=\u00bb1&#8243; column_shadow=\u00bbnone\u00bb width=\u00bb2\/3&#8243; tablet_text_alignment=\u00bbdefault\u00bb&#8230;<\/p>\n","protected":false},"author":3,"featured_media":0,"parent":2950,"menu_order":0,"comment_status":"closed","ping_status":"closed","template":"","meta":{"inline_featured_image":false,"footnotes":""},"class_list":["post-2964","page","type-page","status-publish"],"_links":{"self":[{"href":"https:\/\/www.goldenomega.cl\/es\/wp-json\/wp\/v2\/pages\/2964","targetHints":{"allow":["GET"]}}],"collection":[{"href":"https:\/\/www.goldenomega.cl\/es\/wp-json\/wp\/v2\/pages"}],"about":[{"href":"https:\/\/www.goldenomega.cl\/es\/wp-json\/wp\/v2\/types\/page"}],"author":[{"embeddable":true,"href":"https:\/\/www.goldenomega.cl\/es\/wp-json\/wp\/v2\/users\/3"}],"replies":[{"embeddable":true,"href":"https:\/\/www.goldenomega.cl\/es\/wp-json\/wp\/v2\/comments?post=2964"}],"version-history":[{"count":0,"href":"https:\/\/www.goldenomega.cl\/es\/wp-json\/wp\/v2\/pages\/2964\/revisions"}],"up":[{"embeddable":true,"href":"https:\/\/www.goldenomega.cl\/es\/wp-json\/wp\/v2\/pages\/2950"}],"wp:attachment":[{"href":"https:\/\/www.goldenomega.cl\/es\/wp-json\/wp\/v2\/media?parent=2964"}],"curies":[{"name":"wp","href":"https:\/\/api.w.org\/{rel}","templated":true}]}}