

{"id":3442,"date":"2022-04-08T12:37:18","date_gmt":"2022-04-08T16:37:18","guid":{"rendered":"https:\/\/www.goldenomega.cl\/?page_id=3442"},"modified":"2022-04-08T16:02:43","modified_gmt":"2022-04-08T20:02:43","slug":"desarrollo-integral-de-nuestro-equipo","status":"publish","type":"page","link":"https:\/\/www.goldenomega.cl\/es\/sostenibilidad\/desarrollo-integral-de-nuestro-equipo\/","title":{"rendered":"Desarrollo integral de nuestro equipo"},"content":{"rendered":"[vc_row type=\u00bbin_container\u00bb full_screen_row_position=\u00bbmiddle\u00bb scene_position=\u00bbcenter\u00bb text_color=\u00bbdark\u00bb text_align=\u00bbleft\u00bb top_padding=\u00bb25&#8243; bottom_padding=\u00bb25&#8243; overlay_strength=\u00bb0.3&#8243;][vc_column column_padding=\u00bbno-extra-padding\u00bb column_padding_position=\u00bball\u00bb background_color_opacity=\u00bb1&#8243; background_hover_color_opacity=\u00bb1&#8243; column_shadow=\u00bbnone\u00bb width=\u00bb1\/3&#8243; tablet_text_alignment=\u00bbdefault\u00bb phone_text_alignment=\u00bbdefault\u00bb column_border_width=\u00bbnone\u00bb column_border_style=\u00bbsolid\u00bb][vc_column_text css_animation=\u00bbnone\u00bb]\n<h2><span style=\"color: #0081c9;\">DESARROLLO INTEGRAL DE NUESTRO EQUIPO<\/span><\/h2>\n[\/vc_column_text][vc_wp_custommenu nav_menu=\u00bb26&#8243;][\/vc_column][vc_column column_padding=\u00bbno-extra-padding\u00bb column_padding_position=\u00bball\u00bb background_color_opacity=\u00bb1&#8243; background_hover_color_opacity=\u00bb1&#8243; column_shadow=\u00bbnone\u00bb width=\u00bb2\/3&#8243; tablet_text_alignment=\u00bbdefault\u00bb phone_text_alignment=\u00bbdefault\u00bb column_border_width=\u00bbnone\u00bb column_border_style=\u00bbsolid\u00bb]\n\t\t\t\t<p class=\"rs-p-wp-fix\"><\/p>\n\t\t\t\t<sr7-module data-alias=\"labor-practices\" data-id=\"11\" id=\"SR7_11_1\" class=\"rs-ov-hidden\" data-version=\"6.7.52\">\n\t\t\t\t\t<sr7-adjuster><\/sr7-adjuster>\n\t\t\t\t\t<sr7-content>\n\t\t\t\t\t\t<sr7-slide id=\"SR7_11_1-27\" data-key=\"27\">\n\t\t\t\t\t\t\t<sr7-bg id=\"SR7_11_1-27-1\" class=\"sr7-layer\"><noscript><img decoding=\"async\" src=\"https:\/\/www.goldenomega.cl\/wp-content\/uploads\/2021\/02\/ls01.jpg\" alt=\"\" title=\"ls01\"><\/noscript><\/sr7-bg>\n\t\t\t\t\t\t<\/sr7-slide>\n\t\t\t\t\t\t<sr7-slide id=\"SR7_11_1-28\" data-key=\"28\">\n\t\t\t\t\t\t\t<sr7-bg id=\"SR7_11_1-28-1\" class=\"sr7-layer\"><noscript><img decoding=\"async\" src=\"https:\/\/www.goldenomega.cl\/wp-content\/uploads\/2021\/02\/ls03.jpg\" alt=\"\" title=\"ls03\"><\/noscript><\/sr7-bg>\n\t\t\t\t\t\t<\/sr7-slide>\n\t\t\t\t\t\t<sr7-slide id=\"SR7_11_1-29\" data-key=\"29\">\n\t\t\t\t\t\t\t<sr7-bg id=\"SR7_11_1-29-1\" class=\"sr7-layer\"><noscript><img decoding=\"async\" src=\"https:\/\/www.goldenomega.cl\/wp-content\/uploads\/2021\/02\/ls04.jpg\" alt=\"\" title=\"ls04\"><\/noscript><\/sr7-bg>\n\t\t\t\t\t\t<\/sr7-slide>\n\t\t\t\t\t\t<sr7-slide id=\"SR7_11_1-30\" data-key=\"30\">\n\t\t\t\t\t\t\t<sr7-bg id=\"SR7_11_1-30-1\" class=\"sr7-layer\"><noscript><img decoding=\"async\" src=\"https:\/\/www.goldenomega.cl\/wp-content\/uploads\/2021\/02\/ls05.jpg\" alt=\"\" title=\"ls05\"><\/noscript><\/sr7-bg>\n\t\t\t\t\t\t<\/sr7-slide>\n\t\t\t\t\t\t<sr7-slide id=\"SR7_11_1-53\" data-key=\"53\">\n\t\t\t\t\t\t<\/sr7-slide>\n\t\t\t\t\t<\/sr7-content>\n\t\t\t\t\t<image_lists style=\"display:none\">\n\t\t\t\t\t\t<img data-src=\"\/\/www.goldenomega.cl\/wp-content\/uploads\/2021\/02\/ls01.jpg\" width=\"0\" height=\"0\" data-dbsrc=\"Ly93d3cuZ29sZGVub21lZ2EuY2wvd3AtY29udGVudC91cGxvYWRzLzIwMjEvMDIvbHMwMS5qcGc=\"\/>\n\t\t\t\t\t\t<img data-src=\"\/\/www.goldenomega.cl\/wp-content\/uploads\/2021\/02\/ls03.jpg\" width=\"0\" height=\"0\" data-dbsrc=\"Ly93d3cuZ29sZGVub21lZ2EuY2wvd3AtY29udGVudC91cGxvYWRzLzIwMjEvMDIvbHMwMy5qcGc=\"\/>\n\t\t\t\t\t\t<img data-src=\"\/\/www.goldenomega.cl\/wp-content\/uploads\/2021\/02\/ls04.jpg\" width=\"0\" height=\"0\" data-dbsrc=\"Ly93d3cuZ29sZGVub21lZ2EuY2wvd3AtY29udGVudC91cGxvYWRzLzIwMjEvMDIvbHMwNC5qcGc=\"\/>\n\t\t\t\t\t\t<img data-src=\"\/\/www.goldenomega.cl\/wp-content\/uploads\/2021\/02\/ls05.jpg\" width=\"0\" height=\"0\" data-dbsrc=\"Ly93d3cuZ29sZGVub21lZ2EuY2wvd3AtY29udGVudC91cGxvYWRzLzIwMjEvMDIvbHMwNS5qcGc=\"\/>\n\t\t\t\t\t<\/image_lists>\n\t\t\t\t<\/sr7-module>\n\t\t\t\t<script>\n\t\t\t\t\twindow.SR7 ??={};SR7.PMH ??={}; SR7.PMH[\"SR7_11_1\"] = {cn:100,state:false,fn: function() { if (window._tpt!==undefined && window._tpt.prepareModuleHeight !== undefined) {  _tpt.prepareModuleHeight({id:\"SR7_11_1\",el:[400,400,768,960,720],type:'standard',shdw:'0',gh:[400,400,400,400,254],gw:[755,755,755,755,480],vpt:['-200px'],size:{fullWidth:false, fullHeight:false},mh:'0',onh:0,onw:0,bg:{color:'{\"orig\":\"transparent\",\"type\":\"solid\",\"string\":\"transparent\"}'},plType:'0',plColor:'#FFFFFF'});   SR7.PMH[\"SR7_11_1\"].state=true;} else if(SR7.PMH[\"SR7_11_1\"].cn-->0)\tsetTimeout( SR7.PMH[\"SR7_11_1\"].fn,19);}};SR7.PMH[\"SR7_11_1\" ].fn();\n\t\t\t\t<\/script>\n[vc_row_inner column_margin=\u00bbdefault\u00bb text_align=\u00bbleft\u00bb][vc_column_inner column_padding=\u00bbno-extra-padding\u00bb column_padding_position=\u00bball\u00bb background_color_opacity=\u00bb1&#8243; width=\u00bb1\/1&#8243; column_border_width=\u00bbnone\u00bb column_border_style=\u00bbsolid\u00bb][vc_column_text css=\u00bb.vc_custom_1649432128457{margin-top: 30px !important;margin-bottom: -35px !important;}\u00bb]\n<div class=\"page\" title=\"Page 8\">\n<div class=\"section\">\n<div class=\"layoutArea\">\n<div class=\"column\">\n<h5><span style=\"color: #0082ca;\">DESARROLLO INTEGRAL DE NUESTRO EQUIPO<\/span><\/h5>\n<p><!--- --><\/p>\n<\/div>\n<\/div>\n<\/div>\n<\/div>\n[\/vc_column_text][\/vc_column_inner][\/vc_row_inner][vc_row_inner column_margin=\u00bbdefault\u00bb text_align=\u00bbleft\u00bb][vc_column_inner column_padding=\u00bbno-extra-padding\u00bb column_padding_position=\u00bball\u00bb background_color_opacity=\u00bb1&#8243; width=\u00bb1\/1&#8243; column_border_width=\u00bbnone\u00bb column_border_style=\u00bbsolid\u00bb][vc_column_text css=\u00bb.vc_custom_1649432281666{padding-top: 20px !important;}\u00bb]\n<div>Nuestro equipo humano es la base de lo que somos y hacemos. Mantenemos un firme compromiso con su salud y seguridad ocupacional y nos preocupamos de fomentar un ambiente de trabajo basado en valores s\u00f3lidos, calidad profesional y colaboraci\u00f3n; adem\u00e1s de generar las condiciones que permitan el desarrollo personal de cada trabajador.\u00a0<b><\/b><\/div>\n<div>Nuestros contratistas forman parte esencial de la actividad de Golden Omega. Nos preocupamos de construir con ellos una relaci\u00f3n de largo plazo, basada en la excelencia profesional, la adopci\u00f3n de est\u00e1ndares de seguridad similares a los aplicables a nuestros trabajadores y el desarrollo conjunto de conocimientos y t\u00e9cnicas especializadas para nuestra industria.<\/div>\n[\/vc_column_text][\/vc_column_inner][\/vc_row_inner][\/vc_column][\/vc_row]\n","protected":false},"excerpt":{"rendered":"<p>[vc_row type=\u00bbin_container\u00bb full_screen_row_position=\u00bbmiddle\u00bb scene_position=\u00bbcenter\u00bb text_color=\u00bbdark\u00bb text_align=\u00bbleft\u00bb top_padding=\u00bb25&#8243; bottom_padding=\u00bb25&#8243; overlay_strength=\u00bb0.3&#8243;][vc_column column_padding=\u00bbno-extra-padding\u00bb column_padding_position=\u00bball\u00bb background_color_opacity=\u00bb1&#8243; background_hover_color_opacity=\u00bb1&#8243; column_shadow=\u00bbnone\u00bb width=\u00bb1\/3&#8243; tablet_text_alignment=\u00bbdefault\u00bb phone_text_alignment=\u00bbdefault\u00bb column_border_width=\u00bbnone\u00bb column_border_style=\u00bbsolid\u00bb][vc_column_text css_animation=\u00bbnone\u00bb] DESARROLLO INTEGRAL DE NUESTRO EQUIPO [\/vc_column_text][vc_wp_custommenu nav_menu=\u00bb26&#8243;][\/vc_column][vc_column column_padding=\u00bbno-extra-padding\u00bb column_padding_position=\u00bball\u00bb background_color_opacity=\u00bb1&#8243;&#8230;<\/p>\n","protected":false},"author":3,"featured_media":0,"parent":3382,"menu_order":0,"comment_status":"closed","ping_status":"closed","template":"","meta":{"inline_featured_image":false,"footnotes":""},"class_list":["post-3442","page","type-page","status-publish"],"_links":{"self":[{"href":"https:\/\/www.goldenomega.cl\/es\/wp-json\/wp\/v2\/pages\/3442","targetHints":{"allow":["GET"]}}],"collection":[{"href":"https:\/\/www.goldenomega.cl\/es\/wp-json\/wp\/v2\/pages"}],"about":[{"href":"https:\/\/www.goldenomega.cl\/es\/wp-json\/wp\/v2\/types\/page"}],"author":[{"embeddable":true,"href":"https:\/\/www.goldenomega.cl\/es\/wp-json\/wp\/v2\/users\/3"}],"replies":[{"embeddable":true,"href":"https:\/\/www.goldenomega.cl\/es\/wp-json\/wp\/v2\/comments?post=3442"}],"version-history":[{"count":0,"href":"https:\/\/www.goldenomega.cl\/es\/wp-json\/wp\/v2\/pages\/3442\/revisions"}],"up":[{"embeddable":true,"href":"https:\/\/www.goldenomega.cl\/es\/wp-json\/wp\/v2\/pages\/3382"}],"wp:attachment":[{"href":"https:\/\/www.goldenomega.cl\/es\/wp-json\/wp\/v2\/media?parent=3442"}],"curies":[{"name":"wp","href":"https:\/\/api.w.org\/{rel}","templated":true}]}}