

{"id":3465,"date":"2022-04-08T13:12:54","date_gmt":"2022-04-08T17:12:54","guid":{"rendered":"https:\/\/www.goldenomega.cl\/?page_id=3465"},"modified":"2023-04-26T12:49:34","modified_gmt":"2023-04-26T16:49:34","slug":"etica-en-los-negocios","status":"publish","type":"page","link":"https:\/\/www.goldenomega.cl\/es\/sostenibilidad\/etica-en-los-negocios\/","title":{"rendered":"\u00c9tica en los negocios"},"content":{"rendered":"[vc_row type=\u00bbin_container\u00bb full_screen_row_position=\u00bbmiddle\u00bb scene_position=\u00bbcenter\u00bb text_color=\u00bbdark\u00bb text_align=\u00bbleft\u00bb top_padding=\u00bb25&#8243; bottom_padding=\u00bb25&#8243; overlay_strength=\u00bb0.3&#8243;][vc_column column_padding=\u00bbno-extra-padding\u00bb column_padding_position=\u00bball\u00bb background_color_opacity=\u00bb1&#8243; background_hover_color_opacity=\u00bb1&#8243; column_shadow=\u00bbnone\u00bb width=\u00bb1\/3&#8243; tablet_text_alignment=\u00bbdefault\u00bb phone_text_alignment=\u00bbdefault\u00bb column_border_width=\u00bbnone\u00bb column_border_style=\u00bbsolid\u00bb][vc_column_text css_animation=\u00bbnone\u00bb]\n<h2><span style=\"color: #0081c9;\">\u00c9TICA EN LOS NEGOCIOS<\/span><\/h2>\n[\/vc_column_text][vc_wp_custommenu nav_menu=\u00bb26&#8243;][\/vc_column][vc_column column_padding=\u00bbno-extra-padding\u00bb column_padding_position=\u00bball\u00bb background_color_opacity=\u00bb1&#8243; background_hover_color_opacity=\u00bb1&#8243; column_shadow=\u00bbnone\u00bb width=\u00bb2\/3&#8243; tablet_text_alignment=\u00bbdefault\u00bb phone_text_alignment=\u00bbdefault\u00bb column_border_width=\u00bbnone\u00bb column_border_style=\u00bbsolid\u00bb][image_with_animation image_url=\u00bb3466&#8243; alignment=\u00bb\u00bb animation=\u00bbNone\u00bb box_shadow=\u00bbnone\u00bb max_width=\u00bb100%\u00bb el_class=\u00bbimgborder\u00bb][vc_row_inner column_margin=\u00bbdefault\u00bb text_align=\u00bbleft\u00bb][vc_column_inner column_padding=\u00bbno-extra-padding\u00bb column_padding_position=\u00bball\u00bb background_color_opacity=\u00bb1&#8243; width=\u00bb1\/1&#8243; column_border_width=\u00bbnone\u00bb column_border_style=\u00bbsolid\u00bb][vc_column_text css=\u00bb.vc_custom_1682523732538{margin-top: 30px !important;margin-bottom: -35px !important;}\u00bb]\n<div class=\"page\" title=\"Page 8\">\n<div class=\"section\">\n<div class=\"layoutArea\">\n<div class=\"column\">\n<h5><span style=\"color: #0082ca;\">\u00c9TICA EN LOS NEGOCIOS<\/span><\/h5>\n<p><!--- --><\/p>\n<\/div>\n<\/div>\n<\/div>\n<\/div>\n[\/vc_column_text][\/vc_column_inner][\/vc_row_inner][vc_row_inner column_margin=\u00bbdefault\u00bb text_align=\u00bbleft\u00bb][vc_column_inner column_padding=\u00bbno-extra-padding\u00bb column_padding_position=\u00bball\u00bb background_color_opacity=\u00bb1&#8243; width=\u00bb1\/1&#8243; column_border_width=\u00bbnone\u00bb column_border_style=\u00bbsolid\u00bb][vc_column_text css=\u00bb.vc_custom_1682524169274{padding-top: 20px !important;}\u00bb]\n<div>Procuramos que la pureza y la transparencia de nuestros productos se vea reflejada en c\u00f3mo hacemos las cosas. Mantenemos relaciones comerciales s\u00f3lidas, honestas y de larga duraci\u00f3n con nuestros clientes, socios y colaboradores a nivel global.<\/div>\n<div><\/div>\n<div>Las estructuras de gobierno corporativo de la Compa\u00f1\u00eda juegan un papel esencial en la gesti\u00f3n de valor\u00a0<span class=\"il\">sostenible<\/span>, al adoptar valores \u00e9ticos y profesionales que aseguran el cumplimiento regulatorio y promueven la integridad de cada persona de la Compa\u00f1\u00eda. Para obtener m\u00e1s informaci\u00f3n sobre las pol\u00edticas y reglas que definen nuestro Gobierno Corporativo haz click <a href=\"https:\/\/www.goldenomega.cles\/nosotros\/gobierno-corporativo\/\">aqu\u00ed.<\/a><\/div>\n[\/vc_column_text][\/vc_column_inner][\/vc_row_inner][\/vc_column][\/vc_row]\n","protected":false},"excerpt":{"rendered":"<p>[vc_row type=\u00bbin_container\u00bb full_screen_row_position=\u00bbmiddle\u00bb scene_position=\u00bbcenter\u00bb text_color=\u00bbdark\u00bb text_align=\u00bbleft\u00bb top_padding=\u00bb25&#8243; bottom_padding=\u00bb25&#8243; overlay_strength=\u00bb0.3&#8243;][vc_column column_padding=\u00bbno-extra-padding\u00bb column_padding_position=\u00bball\u00bb background_color_opacity=\u00bb1&#8243; background_hover_color_opacity=\u00bb1&#8243; column_shadow=\u00bbnone\u00bb width=\u00bb1\/3&#8243; tablet_text_alignment=\u00bbdefault\u00bb phone_text_alignment=\u00bbdefault\u00bb column_border_width=\u00bbnone\u00bb column_border_style=\u00bbsolid\u00bb][vc_column_text css_animation=\u00bbnone\u00bb] \u00c9TICA EN LOS NEGOCIOS [\/vc_column_text][vc_wp_custommenu nav_menu=\u00bb26&#8243;][\/vc_column][vc_column column_padding=\u00bbno-extra-padding\u00bb column_padding_position=\u00bball\u00bb background_color_opacity=\u00bb1&#8243; background_hover_color_opacity=\u00bb1&#8243;&#8230;<\/p>\n","protected":false},"author":3,"featured_media":0,"parent":3382,"menu_order":0,"comment_status":"closed","ping_status":"closed","template":"","meta":{"inline_featured_image":false,"footnotes":""},"class_list":["post-3465","page","type-page","status-publish"],"_links":{"self":[{"href":"https:\/\/www.goldenomega.cl\/es\/wp-json\/wp\/v2\/pages\/3465","targetHints":{"allow":["GET"]}}],"collection":[{"href":"https:\/\/www.goldenomega.cl\/es\/wp-json\/wp\/v2\/pages"}],"about":[{"href":"https:\/\/www.goldenomega.cl\/es\/wp-json\/wp\/v2\/types\/page"}],"author":[{"embeddable":true,"href":"https:\/\/www.goldenomega.cl\/es\/wp-json\/wp\/v2\/users\/3"}],"replies":[{"embeddable":true,"href":"https:\/\/www.goldenomega.cl\/es\/wp-json\/wp\/v2\/comments?post=3465"}],"version-history":[{"count":0,"href":"https:\/\/www.goldenomega.cl\/es\/wp-json\/wp\/v2\/pages\/3465\/revisions"}],"up":[{"embeddable":true,"href":"https:\/\/www.goldenomega.cl\/es\/wp-json\/wp\/v2\/pages\/3382"}],"wp:attachment":[{"href":"https:\/\/www.goldenomega.cl\/es\/wp-json\/wp\/v2\/media?parent=3465"}],"curies":[{"name":"wp","href":"https:\/\/api.w.org\/{rel}","templated":true}]}}