

{"id":4252,"date":"2023-10-04T17:07:52","date_gmt":"2023-10-04T20:07:52","guid":{"rendered":"https:\/\/www.goldenomega.cl\/?page_id=4252"},"modified":"2023-10-04T17:57:20","modified_gmt":"2023-10-04T20:57:20","slug":"golde-omega-zooca","status":"publish","type":"page","link":"https:\/\/www.goldenomega.cl\/es\/nosotros\/golden-omega-usa-es\/golde-omega-zooca\/","title":{"rendered":"Golde Omega Zooca"},"content":{"rendered":"[vc_row type=\u00bbin_container\u00bb full_screen_row_position=\u00bbmiddle\u00bb scene_position=\u00bbcenter\u00bb text_color=\u00bbdark\u00bb text_align=\u00bbleft\u00bb top_padding=\u00bb25&#8243; bottom_padding=\u00bb25&#8243; overlay_strength=\u00bb0.3&#8243;][vc_column column_padding=\u00bbno-extra-padding\u00bb column_padding_position=\u00bball\u00bb background_color_opacity=\u00bb1&#8243; background_hover_color_opacity=\u00bb1&#8243; column_shadow=\u00bbnone\u00bb width=\u00bb1\/3&#8243; tablet_text_alignment=\u00bbdefault\u00bb phone_text_alignment=\u00bbdefault\u00bb column_border_width=\u00bbnone\u00bb column_border_style=\u00bbsolid\u00bb][vc_column_text css_animation=\u00bbnone\u00bb]\n<h2><span style=\"color: #0081c9;\">NOSOTROS<\/span><\/h2>\n[\/vc_column_text][vc_wp_custommenu nav_menu=\u00bb4&#8243;][\/vc_column][vc_column column_padding=\u00bbno-extra-padding\u00bb column_padding_position=\u00bball\u00bb background_color_opacity=\u00bb1&#8243; background_hover_color_opacity=\u00bb1&#8243; column_shadow=\u00bbnone\u00bb width=\u00bb2\/3&#8243; tablet_text_alignment=\u00bbdefault\u00bb phone_text_alignment=\u00bbdefault\u00bb column_border_width=\u00bbnone\u00bb column_border_style=\u00bbsolid\u00bb][vc_row_inner column_margin=\u00bbdefault\u00bb text_align=\u00bbleft\u00bb][vc_column_inner column_padding=\u00bbno-extra-padding\u00bb column_padding_position=\u00bball\u00bb background_color_opacity=\u00bb1&#8243; width=\u00bb1\/2&#8243; column_border_width=\u00bbnone\u00bb column_border_style=\u00bbsolid\u00bb][image_with_animation image_url=\u00bb4049&#8243; alignment=\u00bb\u00bb animation=\u00bbFade In\u00bb box_shadow=\u00bbnone\u00bb max_width=\u00bb100%\u00bb][\/vc_column_inner][vc_column_inner column_padding=\u00bbno-extra-padding\u00bb column_padding_position=\u00bball\u00bb background_color_opacity=\u00bb1&#8243; width=\u00bb1\/2&#8243; column_border_width=\u00bbnone\u00bb column_border_style=\u00bbsolid\u00bb][\/vc_column_inner][\/vc_row_inner][vc_column_text css_animation=\u00bbnone\u00bb css=\u00bb.vc_custom_1696449645407{padding-bottom: 20px !important;}\u00bb]\n<div class=\"page\" title=\"Page 8\">\n<div class=\"section\">\n<div class=\"layoutArea\">\n<div class=\"column\">\n<h5><span style=\"color: #0082ca;\">ACEITE ZOOCA<span style=\"font-size: 20px; font-weight: 400;\">\u220f<\/span> CALANUS<span style=\"font-size: 20px; font-weight: 400;\">\u220f<\/span> DE NORUEGA<br \/>\n<\/span><\/h5>\n<\/div>\n<\/div>\n<\/div>\n<\/div>\n[\/vc_column_text][vc_column_text css_animation=\u00bbnone\u00bb css=\u00bb.vc_custom_1696449659122{margin-bottom: 40px !important;}\u00bb]Golden Omega USA ha formado una alianza comercial con el productor noruego de este innovador aceite a base de zooplancton.[\/vc_column_text][nectar_video_lightbox link_style=\u00bbplay_button_2&#8243; nectar_play_button_color=\u00bbDefault-Accent-Color\u00bb image_url=\u00bb4265&#8243; hover_effect=\u00bbdefaut\u00bb box_shadow=\u00bbnone\u00bb video_url=\u00bbhttps:\/\/www.goldenomega.cl\/wp-content\/uploads\/2023\/09\/Zooca_Video_GO_v5.mp4&#8243;][vc_row_inner equal_height=\u00bbyes\u00bb content_placement=\u00bbmiddle\u00bb column_margin=\u00bbdefault\u00bb top_padding=\u00bb5&#8243; bottom_padding=\u00bb5&#8243; text_align=\u00bbleft\u00bb css=\u00bb.vc_custom_1674237306510{margin-top: 0px !important;margin-bottom: 0px !important;border-top-width: 2px !important;border-bottom-width: 0px !important;border-top-color: #c1c1c1 !important;border-top-style: dotted !important;border-bottom-color: #c1c1c1 !important;border-bottom-style: dotted !important;}\u00bb][vc_column_inner column_padding=\u00bbno-extra-padding\u00bb column_padding_position=\u00bball\u00bb background_color_opacity=\u00bb1&#8243; width=\u00bb1\/1&#8243; column_border_width=\u00bbnone\u00bb column_border_style=\u00bbsolid\u00bb][\/vc_column_inner][\/vc_row_inner][vc_row_inner equal_height=\u00bbyes\u00bb content_placement=\u00bbtop\u00bb column_margin=\u00bbdefault\u00bb top_padding=\u00bb5&#8243; bottom_padding=\u00bb5&#8243; text_align=\u00bbleft\u00bb css=\u00bb.vc_custom_1693842595960{margin-top: 0px !important;margin-bottom: 0px !important;border-bottom-width: 0px !important;border-bottom-color: #c1c1c1 !important;border-bottom-style: dotted !important;}\u00bb][vc_column_inner column_padding=\u00bbno-extra-padding\u00bb column_padding_position=\u00bball\u00bb background_color_opacity=\u00bb1&#8243; width=\u00bb1\/2&#8243; column_border_width=\u00bbnone\u00bb column_border_style=\u00bbsolid\u00bb][vc_column_text css_animation=\u00bbnone\u00bb css=\u00bb.vc_custom_1696449673239{margin-bottom: 20px !important;}\u00bb]\n<div class=\"page\" title=\"Page 8\">\n<div class=\"section\">\n<div class=\"layoutArea\">\n<div class=\"column\">\n<h5><span style=\"color: #0082ca;\">UN RECURSO SOSTENIBLE PARA EL FUTURO<br \/>\n<\/span><\/h5>\n<\/div>\n<\/div>\n<\/div>\n<\/div>\n[\/vc_column_text][vc_column_text css_animation=\u00bbnone\u00bb]Calanus\u220f es un zooplancton microsc\u00f3pico, especialmente abundante en el Mar de Noruega, regi\u00f3n del Oc\u00e9ano \u00c1rtico, enorme en n\u00famero como una de las especies m\u00e1s abundantes en el Atl\u00e1ntico Norte.<\/p>\n<p>El Calanus\u220f se recolecta con una captura incidental m\u00ednima utilizando un sistema de red de arrastre respetuoso con el medio ambiente y se congela inmediatamente a bordo para preservar el perfil de nutrientes y la calidad de la frescura.<\/p>\n<p>Luego, el Calanus\u220f se procesa en las instalaciones de \u00faltima generaci\u00f3n de Zooca\u220f en Sortland, Noruega, cerca de la zona de captura. El aceite se extrae mediante un proceso sin disolventes, utilizando \u00fanicamente enzimas, agua y sin proceso adicional, lo cual lo conserva tal como lo proporciona la naturaleza.<br \/>\nEl resultado es un aceite de Calanus\u220f puro y natural de Zooca\u220f, con una composici\u00f3n de nutrientes inigualable.<br \/>\n[\/vc_column_text][\/vc_column_inner][vc_column_inner column_padding=\u00bbno-extra-padding\u00bb column_padding_position=\u00bball\u00bb background_color_opacity=\u00bb1&#8243; width=\u00bb1\/2&#8243; column_border_width=\u00bbnone\u00bb column_border_style=\u00bbsolid\u00bb][image_with_animation image_url=\u00bb4069&#8243; alignment=\u00bb\u00bb animation=\u00bbFade In\u00bb box_shadow=\u00bbnone\u00bb max_width=\u00bb100%\u00bb][image_with_animation image_url=\u00bb4089&#8243; alignment=\u00bb\u00bb animation=\u00bbFade In\u00bb box_shadow=\u00bbnone\u00bb max_width=\u00bb100%\u00bb el_class=\u00bbbazo\u00bb][\/vc_column_inner][\/vc_row_inner][vc_row_inner equal_height=\u00bbyes\u00bb content_placement=\u00bbmiddle\u00bb column_margin=\u00bbdefault\u00bb top_padding=\u00bb5&#8243; bottom_padding=\u00bb5&#8243; text_align=\u00bbleft\u00bb css=\u00bb.vc_custom_1693844128360{margin-top: 50px !important;margin-bottom: 0px !important;border-top-width: 2px !important;border-bottom-width: 0px !important;border-top-color: #c1c1c1 !important;border-top-style: dotted !important;border-bottom-color: #c1c1c1 !important;border-bottom-style: dotted !important;}\u00bb][vc_column_inner column_padding=\u00bbno-extra-padding\u00bb column_padding_position=\u00bball\u00bb background_color_opacity=\u00bb1&#8243; width=\u00bb1\/1&#8243; column_border_width=\u00bbnone\u00bb column_border_style=\u00bbsolid\u00bb][\/vc_column_inner][\/vc_row_inner][vc_row_inner equal_height=\u00bbyes\u00bb content_placement=\u00bbtop\u00bb column_margin=\u00bbdefault\u00bb top_padding=\u00bb5&#8243; bottom_padding=\u00bb5&#8243; text_align=\u00bbleft\u00bb css=\u00bb.vc_custom_1693844297463{margin-top: 0px !important;margin-bottom: 0px !important;border-bottom-width: 0px !important;border-bottom-color: #c1c1c1 !important;border-bottom-style: dotted !important;}\u00bb][vc_column_inner column_padding=\u00bbno-extra-padding\u00bb column_padding_position=\u00bball\u00bb background_color_opacity=\u00bb1&#8243; width=\u00bb1\/1&#8243; column_border_width=\u00bbnone\u00bb column_border_style=\u00bbsolid\u00bb][vc_column_text css_animation=\u00bbnone\u00bb css=\u00bb.vc_custom_1696449772787{margin-bottom: 20px !important;}\u00bb]\n<div class=\"page\" title=\"Page 8\">\n<div class=\"section\">\n<div class=\"layoutArea\">\n<div class=\"column\">\n<h5><span style=\"color: #0082ca;\">PERFIL DE NUTRIENTES EQUILIBRADO Y DIVERSO<br \/>\n<\/span><\/h5>\n<\/div>\n<\/div>\n<\/div>\n<\/div>\n[\/vc_column_text][vc_column_text css_animation=\u00bbnone\u00bb css=\u00bb.vc_custom_1696449905170{margin-bottom: 18px !important;}\u00bb]\n<ul class=\"tickets\">\n<li><strong>Altos niveles de policosanoles marinos,<\/strong> la \u00fanica fuente marina de policosanoles.<\/li>\n<li><strong>Omega-3s:<\/strong> EPA, DHA y SDA<\/li>\n<li>Altos niveles de astaxantina, <strong>el m\u00e1s poderoso antioxidante en la naturaleza.<\/strong><\/li>\n<li>Todo unido en una forma \u00fanica de <strong>Wax Ester.<\/strong><\/li>\n<\/ul>\n[\/vc_column_text][image_with_animation image_url=\u00bb4270&#8243; alignment=\u00bb\u00bb animation=\u00bbFade In\u00bb box_shadow=\u00bbnone\u00bb max_width=\u00bb100%\u00bb el_class=\u00bbdoil\u00bb][\/vc_column_inner][\/vc_row_inner][vc_row_inner equal_height=\u00bbyes\u00bb content_placement=\u00bbmiddle\u00bb column_margin=\u00bbdefault\u00bb top_padding=\u00bb5&#8243; bottom_padding=\u00bb5&#8243; text_align=\u00bbleft\u00bb css=\u00bb.vc_custom_1693844324925{margin-top: 35px !important;margin-bottom: 0px !important;border-top-width: 2px !important;border-bottom-width: 0px !important;border-top-color: #c1c1c1 !important;border-top-style: dotted !important;border-bottom-color: #c1c1c1 !important;border-bottom-style: dotted !important;}\u00bb][vc_column_inner column_padding=\u00bbno-extra-padding\u00bb column_padding_position=\u00bball\u00bb background_color_opacity=\u00bb1&#8243; width=\u00bb1\/1&#8243; column_border_width=\u00bbnone\u00bb column_border_style=\u00bbsolid\u00bb][\/vc_column_inner][\/vc_row_inner][vc_column_text css_animation=\u00bbnone\u00bb css=\u00bb.vc_custom_1696449978471{margin-bottom: 20px !important;}\u00bb]\n<div class=\"page\" title=\"Page 8\">\n<div class=\"section\">\n<div class=\"layoutArea\">\n<div class=\"column\">\n<h5><span style=\"color: #0082ca;\">LLEVA TU PORTAFOLIO M\u00c1S ALL\u00c1 DE OMEGA-3<br \/>\n<\/span><\/h5>\n<\/div>\n<\/div>\n<\/div>\n<\/div>\n[\/vc_column_text][image_with_animation image_url=\u00bb4080&#8243; alignment=\u00bb\u00bb animation=\u00bbFade In\u00bb box_shadow=\u00bbnone\u00bb max_width=\u00bb100%\u00bb][vc_row_inner equal_height=\u00bbyes\u00bb content_placement=\u00bbmiddle\u00bb column_margin=\u00bbdefault\u00bb top_padding=\u00bb5&#8243; bottom_padding=\u00bb5&#8243; text_align=\u00bbleft\u00bb css=\u00bb.vc_custom_1693843624560{margin-top: 50px !important;margin-bottom: 0px !important;border-top-width: 2px !important;border-bottom-width: 0px !important;border-top-color: #c1c1c1 !important;border-top-style: dotted !important;border-bottom-color: #c1c1c1 !important;border-bottom-style: dotted !important;}\u00bb][vc_column_inner column_padding=\u00bbno-extra-padding\u00bb column_padding_position=\u00bball\u00bb background_color_opacity=\u00bb1&#8243; width=\u00bb1\/1&#8243; column_border_width=\u00bbnone\u00bb column_border_style=\u00bbsolid\u00bb][\/vc_column_inner][\/vc_row_inner][vc_column_text css_animation=\u00bbnone\u00bb css=\u00bb.vc_custom_1696450007159{margin-bottom: 20px !important;}\u00bb]\n<div class=\"page\" title=\"Page 8\">\n<div class=\"section\">\n<div class=\"layoutArea\">\n<div class=\"column\">\n<h5><span style=\"color: #0082ca;\">ACEITE ZOOCA<span style=\"font-size: 20px; font-weight: 400;\">\u220f<\/span> CALANUS<span style=\"font-size: 20px; font-weight: 400;\">\u220f<\/span> ESTUDIADO CL\u00cdNICAMENTE PARA:<br \/>\n<\/span><\/h5>\n<\/div>\n<\/div>\n<\/div>\n<\/div>\n[\/vc_column_text][vc_column_text css_animation=\u00bbnone\u00bb css=\u00bb.vc_custom_1696450069340{margin-bottom: 40px !important;}\u00bb]\n<ul class=\"tickets\">\n<li>Apoyar el envejecimiento saludable.<\/li>\n<li>Aumentar los niveles de Omega-3.<\/li>\n<li>Apoyar la salud metab\u00f3lica general.<\/li>\n<li>Mantener una masa corporal magra y\/o una composici\u00f3n corporal saludable.<\/li>\n<li>Apoyar el mantenimiento de niveles saludables de insulina y sensibilidad a la insulina.<\/li>\n<\/ul>\n[\/vc_column_text][vc_row_inner column_margin=\u00bbdefault\u00bb text_align=\u00bbleft\u00bb][vc_column_inner column_padding=\u00bbno-extra-padding\u00bb column_padding_position=\u00bball\u00bb background_color_opacity=\u00bb1&#8243; width=\u00bb1\/1&#8243; column_border_width=\u00bbnone\u00bb column_border_style=\u00bbsolid\u00bb][\/vc_column_inner][\/vc_row_inner][\/vc_column][\/vc_row][vc_row type=\u00bbin_container\u00bb full_screen_row_position=\u00bbmiddle\u00bb scene_position=\u00bbcenter\u00bb text_color=\u00bbdark\u00bb text_align=\u00bbleft\u00bb overlay_strength=\u00bb0.3&#8243;][vc_column column_padding=\u00bbno-extra-padding\u00bb column_padding_position=\u00bball\u00bb background_color_opacity=\u00bb1&#8243; background_hover_color_opacity=\u00bb1&#8243; column_shadow=\u00bbnone\u00bb width=\u00bb1\/1&#8243; tablet_text_alignment=\u00bbdefault\u00bb phone_text_alignment=\u00bbdefault\u00bb column_border_width=\u00bbnone\u00bb column_border_style=\u00bbsolid\u00bb][vc_column_text]\n[\/vc_column_text][\/vc_column][\/vc_row]\n","protected":false},"excerpt":{"rendered":"<p>[vc_row type=\u00bbin_container\u00bb full_screen_row_position=\u00bbmiddle\u00bb scene_position=\u00bbcenter\u00bb text_color=\u00bbdark\u00bb text_align=\u00bbleft\u00bb top_padding=\u00bb25&#8243; bottom_padding=\u00bb25&#8243; overlay_strength=\u00bb0.3&#8243;][vc_column column_padding=\u00bbno-extra-padding\u00bb column_padding_position=\u00bball\u00bb background_color_opacity=\u00bb1&#8243; background_hover_color_opacity=\u00bb1&#8243; column_shadow=\u00bbnone\u00bb width=\u00bb1\/3&#8243; tablet_text_alignment=\u00bbdefault\u00bb phone_text_alignment=\u00bbdefault\u00bb column_border_width=\u00bbnone\u00bb column_border_style=\u00bbsolid\u00bb][vc_column_text css_animation=\u00bbnone\u00bb] NOSOTROS [\/vc_column_text][vc_wp_custommenu nav_menu=\u00bb4&#8243;][\/vc_column][vc_column column_padding=\u00bbno-extra-padding\u00bb column_padding_position=\u00bball\u00bb background_color_opacity=\u00bb1&#8243; background_hover_color_opacity=\u00bb1&#8243; column_shadow=\u00bbnone\u00bb width=\u00bb2\/3&#8243; tablet_text_alignment=\u00bbdefault\u00bb&#8230;<\/p>\n","protected":false},"author":3,"featured_media":0,"parent":4244,"menu_order":0,"comment_status":"closed","ping_status":"closed","template":"","meta":{"inline_featured_image":false,"footnotes":""},"class_list":["post-4252","page","type-page","status-publish"],"_links":{"self":[{"href":"https:\/\/www.goldenomega.cl\/es\/wp-json\/wp\/v2\/pages\/4252","targetHints":{"allow":["GET"]}}],"collection":[{"href":"https:\/\/www.goldenomega.cl\/es\/wp-json\/wp\/v2\/pages"}],"about":[{"href":"https:\/\/www.goldenomega.cl\/es\/wp-json\/wp\/v2\/types\/page"}],"author":[{"embeddable":true,"href":"https:\/\/www.goldenomega.cl\/es\/wp-json\/wp\/v2\/users\/3"}],"replies":[{"embeddable":true,"href":"https:\/\/www.goldenomega.cl\/es\/wp-json\/wp\/v2\/comments?post=4252"}],"version-history":[{"count":0,"href":"https:\/\/www.goldenomega.cl\/es\/wp-json\/wp\/v2\/pages\/4252\/revisions"}],"up":[{"embeddable":true,"href":"https:\/\/www.goldenomega.cl\/es\/wp-json\/wp\/v2\/pages\/4244"}],"wp:attachment":[{"href":"https:\/\/www.goldenomega.cl\/es\/wp-json\/wp\/v2\/media?parent=4252"}],"curies":[{"name":"wp","href":"https:\/\/api.w.org\/{rel}","templated":true}]}}