

{"id":828,"date":"2017-12-26T10:17:27","date_gmt":"2017-12-26T13:17:27","guid":{"rendered":"http:\/\/www.goldenomega.cl\/?page_id=828\/"},"modified":"2018-01-26T12:06:23","modified_gmt":"2018-01-26T15:06:23","slug":"inicio","status":"publish","type":"page","link":"https:\/\/www.goldenomega.cl\/es\/inicio\/","title":{"rendered":"Inicio"},"content":{"rendered":"[vc_row type=\u00bbfull_width_content\u00bb full_screen_row_position=\u00bbmiddle\u00bb scene_position=\u00bbcenter\u00bb text_color=\u00bbdark\u00bb text_align=\u00bbleft\u00bb overlay_strength=\u00bb0.3&#8243;][vc_column column_padding=\u00bbno-extra-padding\u00bb column_padding_position=\u00bball\u00bb background_color_opacity=\u00bb1&#8243; background_hover_color_opacity=\u00bb1&#8243; column_shadow=\u00bbnone\u00bb width=\u00bb1\/1&#8243; tablet_text_alignment=\u00bbdefault\u00bb phone_text_alignment=\u00bbdefault\u00bb column_border_width=\u00bbnone\u00bb column_border_style=\u00bbsolid\u00bb]\n\t\t\t\t<p class=\"rs-p-wp-fix\"><\/p>\n\t\t\t\t<sr7-module data-alias=\"home\" data-id=\"1\" id=\"SR7_1_1\" class=\"rs-ov-hidden\" data-version=\"6.7.54\">\n\t\t\t\t\t<sr7-adjuster><\/sr7-adjuster>\n\t\t\t\t\t<sr7-content>\n\t\t\t\t\t\t<sr7-slide id=\"SR7_1_1-50\" data-key=\"50\">\n\t\t\t\t\t\t\t<sr7-bg id=\"SR7_1_1-50-36\" class=\"sr7-layer\"><noscript><img decoding=\"async\" src=\"https:\/\/www.goldenomega.cl\/wp-content\/uploads\/2025\/05\/Banner02.jpg\" alt=\"\" title=\"Banner02\"><\/noscript><\/sr7-bg>\n\t\t\t\t\t\t\t<sr7-txt id=\"SR7_1_1-50-1\" class=\"sr7-layer\">Reporte de Sostenibilidad 2024<\/sr7-txt>\n\t\t\t\t\t\t\t<sr7-txt id=\"SR7_1_1-50-2\" class=\"sr7-layer\">Comprometidos con la salud de las personas<\/sr7-txt>\n\t\t\t\t\t\t\t<a id=\"SR7_1_1-50-35\" class=\"sr7-layer\" href=\"https:\/\/www.goldenomega.cl\/es\/sostenibilidad\/reportesostenibilidad\/\" target=\"_self\">VER M\u00c1S <i class=\"fa-chevron-right\"><\/i><\/a>\n\t\t\t\t\t\t<\/sr7-slide>\n\t\t\t\t\t\t<sr7-slide id=\"SR7_1_1-59\" data-key=\"59\">\n\t\t\t\t\t\t\t<sr7-bg id=\"SR7_1_1-59-36\" class=\"sr7-layer\"><noscript><img decoding=\"async\" src=\"https:\/\/www.goldenomega.cl\/wp-content\/uploads\/2024\/10\/backgroudn_benxia2.jpg\" alt=\"\" title=\"backgroudn_benxia2\"><\/noscript><\/sr7-bg>\n\t\t\t\t\t\t\t<sr7-txt id=\"SR7_1_1-59-1\" class=\"sr7-layer\">Benexia y Golden Omega forman una alianza para el mercado norteamericano<\/sr7-txt>\n\t\t\t\t\t\t\t<sr7-txt id=\"SR7_1_1-59-2\" class=\"sr7-layer\">Golden Omega USA distribuir\u00e1 en Norteam\u00e9rica los aceites basados en ch\u00eda producidos por Benexia.<\/sr7-txt>\n\t\t\t\t\t\t\t<a id=\"SR7_1_1-59-35\" class=\"sr7-layer\" href=\"https:\/\/www.goldenomega.cl\/wp-content\/uploads\/2024\/10\/Press-Release-Benexia-Golden-OmegaDD_v2.pdf\" target=\"_self\">VER M\u00c1S <i class=\"fa-chevron-right\"><\/i><\/a>\n\t\t\t\t\t\t<\/sr7-slide>\n\t\t\t\t\t\t<sr7-slide id=\"SR7_1_1-40\" data-key=\"40\">\n\t\t\t\t\t\t\t<sr7-bg id=\"SR7_1_1-40-36\" class=\"sr7-layer\"><noscript><img decoding=\"async\" src=\"https:\/\/www.goldenomega.cl\/wp-content\/uploads\/2022\/02\/Banner_PolarisBack.jpg\" alt=\"\" title=\"Banner_PolarisBack\"><\/noscript><\/sr7-bg>\n\t\t\t\t\t\t\t<sr7-txt id=\"SR7_1_1-40-1\" class=\"sr7-layer\">Polaris y Golden Omega forman una alianza para el mercado norteamericano<\/sr7-txt>\n\t\t\t\t\t\t\t<sr7-txt id=\"SR7_1_1-40-2\" class=\"sr7-layer\">Golden Omega USA distribuir\u00e1 en Norteam\u00e9rica los aceites de algas de alta calidad producidos por Polaris.<\/sr7-txt>\n\t\t\t\t\t\t\t<a id=\"SR7_1_1-40-35\" class=\"sr7-layer\" href=\"https:\/\/www.goldenomega.cl\/es\/nosotros\/golden-omega-usa-es\/golden-omega-polaris\/\" target=\"_self\">VER M\u00c1S <i class=\"fa-chevron-right\"><\/i><\/a>\n\t\t\t\t\t\t<\/sr7-slide>\n\t\t\t\t\t\t<sr7-slide id=\"SR7_1_1-49\" data-key=\"49\">\n\t\t\t\t\t\t\t<sr7-bg id=\"SR7_1_1-49-36\" class=\"sr7-layer\"><noscript><img decoding=\"async\" src=\"https:\/\/www.goldenomega.cl\/wp-content\/uploads\/2023\/02\/Banner_Zooca.jpg\" alt=\"\" title=\"Banner_Zooca\"><\/noscript><\/sr7-bg>\n\t\t\t\t\t\t\t<sr7-txt id=\"SR7_1_1-49-1\" class=\"sr7-layer\">Zooca y Golden Omega se al\u00edan para el mercado Norte Americano<\/sr7-txt>\n\t\t\t\t\t\t\t<sr7-txt id=\"SR7_1_1-49-8\" class=\"sr7-layer\">Golden Omega USA distribuir\u00e1 en Norteam\u00e9rica los aceites de CALANUS\u220f producidos por Zooca.<\/sr7-txt>\n\t\t\t\t\t\t\t<a id=\"SR7_1_1-49-35\" class=\"sr7-layer\" href=\"https:\/\/www.goldenomega.cl\/es\/nosotros\/golden-omega-usa-es\/golde-omega-zooca\/\" target=\"_self\">VER M\u00c1S <i class=\"fa-chevron-right\"><\/i><\/a>\n\t\t\t\t\t\t<\/sr7-slide>\n\t\t\t\t\t\t<sr7-slide id=\"SR7_1_1-38\" data-key=\"38\">\n\t\t\t\t\t\t\t<sr7-bg id=\"SR7_1_1-38-36\" class=\"sr7-layer\"><noscript><img decoding=\"async\" src=\"https:\/\/www.goldenomega.cl\/wp-content\/uploads\/2021\/06\/BannerBGorivo.jpg\" alt=\"\" title=\"BannerBGorivo\"><\/noscript><\/sr7-bg>\n\t\t\t\t\t\t\t<sr7-txt id=\"SR7_1_1-38-1\" class=\"sr7-layer\">Anchoveta Pura del Pac\u00edfico Sur<\/sr7-txt>\n\t\t\t\t\t\t\t<sr7-txt id=\"SR7_1_1-38-2\" class=\"sr7-layer\">Testeada, garantizada y verificada por ORIVO\u2122<\/sr7-txt>\n\t\t\t\t\t\t\t<a id=\"SR7_1_1-38-35\" class=\"sr7-layer\" href=\"https:\/\/www.goldenomega.cl\/es\/calidad\/certificaciones\/\" target=\"_self\">VER M\u00c1S <i class=\"fa-chevron-right\"><\/i><\/a>\n\t\t\t\t\t\t<\/sr7-slide>\n\t\t\t\t\t\t<sr7-slide id=\"SR7_1_1-51\" data-key=\"51\">\n\t\t\t\t\t\t<\/sr7-slide>\n\t\t\t\t\t<\/sr7-content>\n\t\t\t\t\t<image_lists style=\"display:none\">\n\t\t\t\t\t\t<img data-src=\"\/\/www.goldenomega.cl\/wp-content\/uploads\/2021\/02\/logoBanner.png\" data-libid=\"2934\" data-lib=\"medialibrary\" title=\"logoBanner\" width=\"0\" height=\"0\" data-dbsrc=\"Ly93d3cuZ29sZGVub21lZ2EuY2wvd3AtY29udGVudC91cGxvYWRzLzIwMjEvMDIvbG9nb0Jhbm5lci5wbmc=\"\/>\n\t\t\t\t\t\t<img data-src=\"\/\/www.goldenomega.cl\/wp-content\/uploads\/2021\/02\/BannerWEBG2.jpg\" data-libid=\"2935\" data-lib=\"medialibrary\" title=\"BannerWEBG2\" width=\"0\" height=\"0\" data-dbsrc=\"Ly93d3cuZ29sZGVub21lZ2EuY2wvd3AtY29udGVudC91cGxvYWRzLzIwMjEvMDIvQmFubmVyV0VCRzIuanBn\"\/>\n\t\t\t\t\t\t<img data-src=\"\/\/www.goldenomega.cl\/wp-content\/uploads\/2021\/02\/BannerWEBG.jpg\" width=\"0\" height=\"0\" data-dbsrc=\"Ly93d3cuZ29sZGVub21lZ2EuY2wvd3AtY29udGVudC91cGxvYWRzLzIwMjEvMDIvQmFubmVyV0VCRy5qcGc=\"\/>\n\t\t\t\t\t\t<img data-src=\"\/\/www.goldenomega.cl\/wp-content\/uploads\/2020\/06\/HeaderBanner.jpg\" data-libid=\"2554\" data-lib=\"medialibrary\" title=\"HeaderBanner\" width=\"0\" height=\"0\" data-dbsrc=\"Ly93d3cuZ29sZGVub21lZ2EuY2wvd3AtY29udGVudC91cGxvYWRzLzIwMjAvMDYvSGVhZGVyQmFubmVyLmpwZw==\"\/>\n\t\t\t\t\t\t<img data-src=\"\/\/www.goldenomega.cl\/wp-content\/uploads\/2021\/09\/deliverysolutions2022.jpg\" data-libid=\"3261\" data-lib=\"medialibrary\" title=\"deliverysolutions2022\" width=\"0\" height=\"0\" data-dbsrc=\"Ly93d3cuZ29sZGVub21lZ2EuY2wvd3AtY29udGVudC91cGxvYWRzLzIwMjEvMDkvZGVsaXZlcnlzb2x1dGlvbnMyMDIyLmpwZw==\"\/>\n\t\t\t\t\t\t<img data-src=\"\/\/www.goldenomega.cl\/wp-content\/uploads\/2024\/12\/ORIVO-logo-1023-Pure-anchovy_1023.png\" data-libid=\"4880\" data-lib=\"medialibrary\" title=\"ORIVO-logo-1023-Pure-anchovy_1023\" width=\"0\" height=\"0\" data-dbsrc=\"Ly93d3cuZ29sZGVub21lZ2EuY2wvd3AtY29udGVudC91cGxvYWRzLzIwMjQvMTIvT1JJVk8tbG9nby0xMDIzLVB1cmUtYW5jaG92eV8xMDIzLnBuZw==\"\/>\n\t\t\t\t\t\t<img data-src=\"\/\/www.goldenomega.cl\/wp-content\/uploads\/2021\/06\/BannerBGorivo.jpg\" data-libid=\"3167\" data-lib=\"medialibrary\" title=\"BannerBGorivo\" width=\"0\" height=\"0\" data-dbsrc=\"Ly93d3cuZ29sZGVub21lZ2EuY2wvd3AtY29udGVudC91cGxvYWRzLzIwMjEvMDYvQmFubmVyQkdvcml2by5qcGc=\"\/>\n\t\t\t\t\t\t<img data-src=\"\/\/www.goldenomega.cl\/wp-content\/uploads\/2024\/10\/GOI_Polaris.png\" data-libid=\"4803\" data-lib=\"medialibrary\" title=\"GOI_Polaris\" width=\"0\" height=\"0\" data-dbsrc=\"Ly93d3cuZ29sZGVub21lZ2EuY2wvd3AtY29udGVudC91cGxvYWRzLzIwMjQvMTAvR09JX1BvbGFyaXMucG5n\"\/>\n\t\t\t\t\t\t<img data-src=\"\/\/www.goldenomega.cl\/wp-content\/uploads\/2022\/02\/Banner_PolarisBack.jpg\" data-libid=\"3327\" data-lib=\"medialibrary\" title=\"Banner_PolarisBack\" width=\"0\" height=\"0\" data-dbsrc=\"Ly93d3cuZ29sZGVub21lZ2EuY2wvd3AtY29udGVudC91cGxvYWRzLzIwMjIvMDIvQmFubmVyX1BvbGFyaXNCYWNrLmpwZw==\"\/>\n\t\t\t\t\t\t<img data-src=\"\/\/www.goldenomega.cl\/wp-content\/uploads\/2025\/05\/Banner02.jpg\" data-libid=\"5053\" data-lib=\"medialibrary\" title=\"Banner02\" width=\"0\" height=\"0\" data-dbsrc=\"Ly93d3cuZ29sZGVub21lZ2EuY2wvd3AtY29udGVudC91cGxvYWRzLzIwMjUvMDUvQmFubmVyMDIuanBn\"\/>\n\t\t\t\t\t\t<img data-src=\"\/\/www.goldenomega.cl\/wp-content\/uploads\/2025\/08\/WebBanner_KoreaENG.png\" data-libid=\"5127\" data-lib=\"medialibrary\" title=\"WebBanner_KoreaENG\" width=\"0\" height=\"0\" data-dbsrc=\"Ly93d3cuZ29sZGVub21lZ2EuY2wvd3AtY29udGVudC91cGxvYWRzLzIwMjUvMDgvV2ViQmFubmVyX0tvcmVhRU5HLnBuZw==\"\/>\n\t\t\t\t\t\t<img data-src=\"\/\/www.goldenomega.cl\/wp-content\/uploads\/2024\/05\/1-GotaNueva-2_HI_clean2.png\" data-libid=\"4496\" data-lib=\"medialibrary\" title=\"GotaNueva-2_HI_clean2\" width=\"0\" height=\"0\" data-dbsrc=\"Ly93d3cuZ29sZGVub21lZ2EuY2wvd3AtY29udGVudC91cGxvYWRzLzIwMjQvMDUvMS1Hb3RhTnVldmEtMl9ISV9jbGVhbjIucG5n\"\/>\n\t\t\t\t\t\t<img data-src=\"\/\/www.goldenomega.cl\/wp-content\/uploads\/2024\/10\/go_zooca.png\" data-libid=\"4805\" data-lib=\"medialibrary\" title=\"go_zooca\" width=\"0\" height=\"0\" data-dbsrc=\"Ly93d3cuZ29sZGVub21lZ2EuY2wvd3AtY29udGVudC91cGxvYWRzLzIwMjQvMTAvZ29fem9vY2EucG5n\"\/>\n\t\t\t\t\t\t<img data-src=\"\/\/www.goldenomega.cl\/wp-content\/uploads\/2023\/02\/Banner_Zooca.jpg\" data-libid=\"3799\" data-lib=\"medialibrary\" title=\"Banner_Zooca\" width=\"0\" height=\"0\" data-dbsrc=\"Ly93d3cuZ29sZGVub21lZ2EuY2wvd3AtY29udGVudC91cGxvYWRzLzIwMjMvMDIvQmFubmVyX1pvb2NhLmpwZw==\"\/>\n\t\t\t\t\t\t<img data-src=\"\/\/www.goldenomega.cl\/wp-content\/uploads\/2023\/02\/Banner_Zooca_logos.png\" data-libid=\"3800\" data-lib=\"medialibrary\" title=\"Banner_Zooca_logos\" width=\"0\" height=\"0\" data-dbsrc=\"Ly93d3cuZ29sZGVub21lZ2EuY2wvd3AtY29udGVudC91cGxvYWRzLzIwMjMvMDIvQmFubmVyX1pvb2NhX2xvZ29zLnBuZw==\"\/>\n\t\t\t\t\t\t<img data-src=\"\/\/www.goldenomega.cl\/wp-content\/uploads\/2025\/08\/WebBanner_KoreaESP.png\" data-libid=\"5129\" data-lib=\"medialibrary\" title=\"WebBanner_KoreaESP\" width=\"0\" height=\"0\" data-dbsrc=\"Ly93d3cuZ29sZGVub21lZ2EuY2wvd3AtY29udGVudC91cGxvYWRzLzIwMjUvMDgvV2ViQmFubmVyX0tvcmVhRVNQLnBuZw==\"\/>\n\t\t\t\t\t\t<img data-src=\"\/\/www.goldenomega.cl\/wp-content\/uploads\/2024\/10\/go_benexia.png\" data-libid=\"4797\" data-lib=\"medialibrary\" title=\"go_benexia\" width=\"0\" height=\"0\" data-dbsrc=\"Ly93d3cuZ29sZGVub21lZ2EuY2wvd3AtY29udGVudC91cGxvYWRzLzIwMjQvMTAvZ29fYmVuZXhpYS5wbmc=\"\/>\n\t\t\t\t\t\t<img data-src=\"\/\/www.goldenomega.cl\/wp-content\/uploads\/2024\/10\/backgroudn_benxia2.jpg\" data-libid=\"4801\" data-lib=\"medialibrary\" title=\"backgroudn_benxia2\" width=\"0\" height=\"0\" data-dbsrc=\"Ly93d3cuZ29sZGVub21lZ2EuY2wvd3AtY29udGVudC91cGxvYWRzLzIwMjQvMTAvYmFja2dyb3Vkbl9iZW54aWEyLmpwZw==\"\/>\n\t\t\t\t\t<\/image_lists>\n\t\t\t\t<\/sr7-module>\n\t\t\t\t<script>\n\t\t\t\t\twindow.SR7 ??={};SR7.PMH ??={}; SR7.PMH[\"SR7_1_1\"] = {cn:100,state:false,fn: function() { if (window._tpt!==undefined && window._tpt.prepareModuleHeight !== undefined) {  _tpt.prepareModuleHeight({id:\"SR7_1_1\",el:[720,720,700,500,500],type:'standard',shdw:'0',gh:[720,720,700,500,500],gw:[1400,1400,1040,678,480],vpt:['20%&#039;,&#039;20%&#039;,&#039;20%&#039;,&#039;20%&#039;,&#039;20%'],size:{fullWidth:true, fullHeight:true},fho:'#header-outer, #header-spacer, #footer-outer,',mh:'550',onh:0,onw:0,bg:{color:'{\"type\":\"solid\",\"orig\":\"#ffffff\",\"string\":\"rgba(255, 255, 255, 1)\"}'},plType:'-1',plColor:'#FFFFFF'});   SR7.PMH[\"SR7_1_1\"].state=true;} else if(SR7.PMH[\"SR7_1_1\"].cn-->0)\tsetTimeout( SR7.PMH[\"SR7_1_1\"].fn,19);}};SR7.PMH[\"SR7_1_1\" ].fn();\n\t\t\t\t<\/script>\n[\/vc_column][\/vc_row][vc_row type=\u00bbfull_width_content\u00bb full_screen_row_position=\u00bbmiddle\u00bb equal_height=\u00bbyes\u00bb content_placement=\u00bbmiddle\u00bb bg_color=\u00bbrgba(0,145,193,0.4)\u00bb scene_position=\u00bbcenter\u00bb text_color=\u00bblight\u00bb text_align=\u00bbleft\u00bb top_padding=\u00bb35&#8243; bottom_padding=\u00bb35&#8243; class=\u00bbbanner-home\u00bb overlay_strength=\u00bb0.3&#8243;][vc_column column_padding=\u00bbpadding-2-percent\u00bb column_padding_position=\u00bball\u00bb background_color_opacity=\u00bb1&#8243; background_hover_color_opacity=\u00bb1&#8243; column_shadow=\u00bbnone\u00bb width=\u00bb6\/12&#8243; tablet_text_alignment=\u00bbdefault\u00bb phone_text_alignment=\u00bbdefault\u00bb column_border_width=\u00bbnone\u00bb column_border_style=\u00bbsolid\u00bb][vc_column_text]\n<h2 style=\"text-align: center;\"><span style=\"color: #fff;\">EXPERIENCE THE DIFFERENCE<\/span><\/h2>\n[\/vc_column_text][vc_column_text]\n<h6 style=\"text-align: center;\"><span style=\"font-size: 16px;\"><a style=\"color: #fff; text-decoration: none;\" href=\"http:\/\/www.goldenomega.cles\/nosotros\/\">VER M\u00c1S &gt;<\/a><\/span><\/h6>\n[\/vc_column_text][\/vc_column][vc_column column_padding=\u00bbpadding-4-percent\u00bb column_padding_position=\u00bbbottom\u00bb background_color_opacity=\u00bb1&#8243; background_hover_color_opacity=\u00bb1&#8243; column_shadow=\u00bbnone\u00bb width=\u00bb2\/12&#8243; tablet_text_alignment=\u00bbdefault\u00bb phone_text_alignment=\u00bbdefault\u00bb column_border_width=\u00bbnone\u00bb column_border_style=\u00bbsolid\u00bb][image_with_animation image_url=\u00bb28&#8243; alignment=\u00bbcenter\u00bb animation=\u00bbFade In\u00bb box_shadow=\u00bbnone\u00bb max_width=\u00bb100%\u00bb delay=\u00bb50&#8243;][vc_column_text]\n<h4 class=\"book-bb\" style=\"text-align: center;\"><span style=\"color: #ffffff;\">CALIDAD<\/span><\/h4>\n<h6 style=\"text-align: center;\"><span style=\"color: #ffffff;\"><a style=\"color: #ffffff;\" href=\"http:\/\/www.goldenomega.cles\/calidad\/\">VER M\u00c1S &gt;<\/a><\/span><\/h6>\n[\/vc_column_text][\/vc_column][vc_column column_padding=\u00bbpadding-4-percent\u00bb column_padding_position=\u00bbbottom\u00bb background_color_opacity=\u00bb1&#8243; background_hover_color_opacity=\u00bb1&#8243; column_shadow=\u00bbnone\u00bb width=\u00bb2\/12&#8243; tablet_text_alignment=\u00bbdefault\u00bb phone_text_alignment=\u00bbdefault\u00bb column_border_width=\u00bbnone\u00bb column_border_style=\u00bbsolid\u00bb][image_with_animation image_url=\u00bb29&#8243; alignment=\u00bbcenter\u00bb animation=\u00bbFade In\u00bb box_shadow=\u00bbnone\u00bb max_width=\u00bb100%\u00bb delay=\u00bb50&#8243;][vc_column_text]\n<h4 class=\"book-bb\" style=\"text-align: center;\"><span style=\"color: #ffffff;\">SERVICIO<\/span><\/h4>\n<h6 style=\"text-align: center;\"><span style=\"color: #ffffff;\"><a style=\"color: #ffffff;\" href=\"http:\/\/www.goldenomega.cles\/servicio\/\">VER M\u00c1S &gt;<\/a><\/span><\/h6>\n[\/vc_column_text][\/vc_column][vc_column column_padding=\u00bbpadding-2-percent\u00bb column_padding_position=\u00bbbottom\u00bb background_color_opacity=\u00bb1&#8243; background_hover_color_opacity=\u00bb1&#8243; column_shadow=\u00bbnone\u00bb width=\u00bb2\/12&#8243; tablet_text_alignment=\u00bbdefault\u00bb phone_text_alignment=\u00bbdefault\u00bb column_border_width=\u00bbnone\u00bb column_border_style=\u00bbsolid\u00bb][image_with_animation image_url=\u00bb26&#8243; alignment=\u00bbcenter\u00bb animation=\u00bbFade In\u00bb box_shadow=\u00bbnone\u00bb max_width=\u00bb100%\u00bb delay=\u00bb50&#8243;][vc_column_text]\n<h4 class=\"book-bb\" style=\"text-align: center;\"><span style=\"color: #ffffff;\">INNOVACI\u00d3N<\/span><\/h4>\n<h6 style=\"text-align: center;\"><span style=\"color: #ffffff;\"><a style=\"color: #ffffff;\" href=\"http:\/\/www.goldenomega.cles\/innovacion\/\">VER M\u00c1S &gt;<\/a><\/span><\/h6>\n[\/vc_column_text][\/vc_column][\/vc_row]\n","protected":false},"excerpt":{"rendered":"<p>[vc_row type=\u00bbfull_width_content\u00bb full_screen_row_position=\u00bbmiddle\u00bb scene_position=\u00bbcenter\u00bb text_color=\u00bbdark\u00bb text_align=\u00bbleft\u00bb overlay_strength=\u00bb0.3&#8243;][vc_column column_padding=\u00bbno-extra-padding\u00bb column_padding_position=\u00bball\u00bb background_color_opacity=\u00bb1&#8243; background_hover_color_opacity=\u00bb1&#8243; column_shadow=\u00bbnone\u00bb width=\u00bb1\/1&#8243; tablet_text_alignment=\u00bbdefault\u00bb phone_text_alignment=\u00bbdefault\u00bb column_border_width=\u00bbnone\u00bb column_border_style=\u00bbsolid\u00bb][\/vc_column][\/vc_row][vc_row type=\u00bbfull_width_content\u00bb full_screen_row_position=\u00bbmiddle\u00bb equal_height=\u00bbyes\u00bb content_placement=\u00bbmiddle\u00bb bg_color=\u00bbrgba(0,145,193,0.4)\u00bb scene_position=\u00bbcenter\u00bb text_color=\u00bblight\u00bb text_align=\u00bbleft\u00bb top_padding=\u00bb35&#8243; bottom_padding=\u00bb35&#8243; class=\u00bbbanner-home\u00bb overlay_strength=\u00bb0.3&#8243;][vc_column column_padding=\u00bbpadding-2-percent\u00bb&#8230;<\/p>\n","protected":false},"author":3,"featured_media":0,"parent":0,"menu_order":0,"comment_status":"closed","ping_status":"closed","template":"","meta":{"inline_featured_image":false,"footnotes":""},"class_list":["post-828","page","type-page","status-publish"],"_links":{"self":[{"href":"https:\/\/www.goldenomega.cl\/es\/wp-json\/wp\/v2\/pages\/828","targetHints":{"allow":["GET"]}}],"collection":[{"href":"https:\/\/www.goldenomega.cl\/es\/wp-json\/wp\/v2\/pages"}],"about":[{"href":"https:\/\/www.goldenomega.cl\/es\/wp-json\/wp\/v2\/types\/page"}],"author":[{"embeddable":true,"href":"https:\/\/www.goldenomega.cl\/es\/wp-json\/wp\/v2\/users\/3"}],"replies":[{"embeddable":true,"href":"https:\/\/www.goldenomega.cl\/es\/wp-json\/wp\/v2\/comments?post=828"}],"version-history":[{"count":0,"href":"https:\/\/www.goldenomega.cl\/es\/wp-json\/wp\/v2\/pages\/828\/revisions"}],"wp:attachment":[{"href":"https:\/\/www.goldenomega.cl\/es\/wp-json\/wp\/v2\/media?parent=828"}],"curies":[{"name":"wp","href":"https:\/\/api.w.org\/{rel}","templated":true}]}}