

{"id":992,"date":"2017-04-26T15:08:29","date_gmt":"2017-04-26T18:08:29","guid":{"rendered":"http:\/\/www.goldenomega.cl\/about-us\/"},"modified":"2026-04-06T14:43:15","modified_gmt":"2026-04-06T18:43:15","slug":"nosotros","status":"publish","type":"page","link":"https:\/\/www.goldenomega.cl\/es\/nosotros\/","title":{"rendered":"Nosotros"},"content":{"rendered":"[vc_row type=\u00bbin_container\u00bb full_screen_row_position=\u00bbmiddle\u00bb column_margin=\u00bbdefault\u00bb column_direction=\u00bbdefault\u00bb column_direction_tablet=\u00bbdefault\u00bb column_direction_phone=\u00bbdefault\u00bb scene_position=\u00bbcenter\u00bb top_padding=\u00bb25&#8243; bottom_padding=\u00bb25&#8243; text_color=\u00bbdark\u00bb text_align=\u00bbleft\u00bb row_border_radius=\u00bbnone\u00bb row_border_radius_applies=\u00bbbg\u00bb row_position_desktop=\u00bbdefault\u00bb row_position_tablet=\u00bbinherit\u00bb row_position_phone=\u00bbinherit\u00bb overflow=\u00bbvisible\u00bb overlay_strength=\u00bb0.3&#8243; gradient_direction=\u00bbleft_to_right\u00bb shape_divider_position=\u00bbbottom\u00bb bg_image_animation=\u00bbnone\u00bb][vc_column column_padding=\u00bbno-extra-padding\u00bb column_padding_tablet=\u00bbinherit\u00bb column_padding_phone=\u00bbinherit\u00bb column_padding_position=\u00bball\u00bb flex_gap_desktop=\u00bb10px\u00bb column_element_direction_desktop=\u00bbdefault\u00bb column_element_spacing=\u00bbdefault\u00bb desktop_text_alignment=\u00bbdefault\u00bb tablet_text_alignment=\u00bbdefault\u00bb phone_text_alignment=\u00bbdefault\u00bb background_color_opacity=\u00bb1&#8243; background_hover_color_opacity=\u00bb1&#8243; column_backdrop_filter=\u00bbnone\u00bb column_shadow=\u00bbnone\u00bb column_border_radius=\u00bbnone\u00bb column_link_target=\u00bb_self\u00bb column_position=\u00bbdefault\u00bb gradient_direction=\u00bbleft_to_right\u00bb overlay_strength=\u00bb0.3&#8243; width=\u00bb1\/3&#8243; tablet_width_inherit=\u00bbdefault\u00bb animation_type=\u00bbdefault\u00bb bg_image_animation=\u00bbnone\u00bb border_type=\u00bbsimple\u00bb column_border_width=\u00bbnone\u00bb column_border_style=\u00bbsolid\u00bb][vc_column_text css_animation=\u00bbnone\u00bb]\n<h2><span style=\"color: #0081c9;\">NOSOTROS<\/span><\/h2>\n[\/vc_column_text][vc_wp_custommenu nav_menu=\u00bb11&#8243;][\/vc_column][vc_column column_padding=\u00bbno-extra-padding\u00bb column_padding_tablet=\u00bbinherit\u00bb column_padding_phone=\u00bbinherit\u00bb column_padding_position=\u00bball\u00bb flex_gap_desktop=\u00bb10px\u00bb column_element_direction_desktop=\u00bbdefault\u00bb column_element_spacing=\u00bbdefault\u00bb desktop_text_alignment=\u00bbdefault\u00bb tablet_text_alignment=\u00bbdefault\u00bb phone_text_alignment=\u00bbdefault\u00bb background_color_opacity=\u00bb1&#8243; background_hover_color_opacity=\u00bb1&#8243; column_backdrop_filter=\u00bbnone\u00bb column_shadow=\u00bbnone\u00bb column_border_radius=\u00bbnone\u00bb column_link_target=\u00bb_self\u00bb column_position=\u00bbdefault\u00bb gradient_direction=\u00bbleft_to_right\u00bb overlay_strength=\u00bb0.3&#8243; width=\u00bb2\/3&#8243; tablet_width_inherit=\u00bbdefault\u00bb animation_type=\u00bbdefault\u00bb bg_image_animation=\u00bbnone\u00bb border_type=\u00bbsimple\u00bb column_border_width=\u00bbnone\u00bb column_border_style=\u00bbsolid\u00bb][vc_column_text css_animation=\u00bbnone\u00bb css=\u00bb.vc_custom_1583337769116{padding-bottom: 20px !important;}\u00bb]\n<div class=\"page\" title=\"Page 8\">\n<div class=\"section\">\n<div class=\"layoutArea\">\n<div class=\"column\">\n<h5><span style=\"color: #0082ca;\">GOLDEN OMEGA EN RESUMEN<br \/>\n<\/span><\/h5>\n<p><!--- --><\/p>\n<\/div>\n<\/div>\n<\/div>\n<\/div>\n[\/vc_column_text][nectar_video_lightbox link_style=\u00bbplay_button_2&#8243; nectar_play_button_color=\u00bbDefault-Accent-Color\u00bb image_url=\u00bb5667&#8243; hover_effect=\u00bbdefaut\u00bb box_shadow=\u00bbnone\u00bb border_radius=\u00bbnone\u00bb play_button_size=\u00bbdefault\u00bb video_url=\u00bbhttps:\/\/www.youtube.com\/watch?v=j-8dJn4QYbs\u00bb][vc_column_text css_animation=\u00bbnone\u00bb text_direction=\u00bbdefault\u00bb]\n<p class=\"p1\">Golden Omega es una compa\u00f1\u00eda Chilena enfocada en producir concentrados de Omega-3 de alta calidad con hasta el 75% de EPA + DHA, obtenidos desde el aceite de pescado.<\/p>\n<p class=\"p1\">Las instalaciones productivas de \u00faltima generaci\u00f3n de Golden Omega se encuentran ubicadas en el norte de Chile, cerca de la fuente de materia prima. Esto garantiza un suministro seguro de aceite de pescado de alta calidad.<\/p>\n<p class=\"p1\">Nuestros accionistas son Orizon S.A. y Corpesca S.A., compa\u00f1\u00edas pesqueras l\u00edderes que pertenecen a Empresas Copec S.A., una de las mayores compa\u00f1\u00edas transadas p\u00fablicamente en Chile, con operaciones en recursos naturales (forestal, pesqueras) y energ\u00eda (combustibles y generaci\u00f3n el\u00e9trica) a lo ancho del mundo.<\/p>\n[\/vc_column_text][divider line_type=\u00bbNo Line\u00bb custom_height=\u00bb25&#8243;][vc_row_inner equal_height=\u00bbyes\u00bb content_placement=\u00bbmiddle\u00bb column_margin=\u00bbdefault\u00bb column_direction=\u00bbdefault\u00bb column_direction_tablet=\u00bbdefault\u00bb column_direction_phone=\u00bbdefault\u00bb top_padding=\u00bb5&#8243; bottom_padding=\u00bb5&#8243; text_align=\u00bbleft\u00bb row_position=\u00bbdefault\u00bb row_position_tablet=\u00bbinherit\u00bb row_position_phone=\u00bbinherit\u00bb overflow=\u00bbvisible\u00bb pointer_events=\u00bball\u00bb css=\u00bb.vc_custom_1562084872826{margin-top: 0px !important;margin-bottom: 0px !important;border-top-width: 2px !important;border-bottom-width: 2px !important;border-top-color: #c1c1c1 !important;border-top-style: dotted !important;border-bottom-color: #c1c1c1 !important;border-bottom-style: dotted !important;}\u00bb][vc_column_inner column_padding=\u00bbno-extra-padding\u00bb column_padding_tablet=\u00bbinherit\u00bb column_padding_phone=\u00bbinherit\u00bb column_padding_position=\u00bball\u00bb flex_gap_desktop=\u00bb10px\u00bb column_element_direction_desktop=\u00bbdefault\u00bb column_element_spacing=\u00bbdefault\u00bb desktop_text_alignment=\u00bbdefault\u00bb tablet_text_alignment=\u00bbdefault\u00bb phone_text_alignment=\u00bbdefault\u00bb background_color_opacity=\u00bb1&#8243; background_hover_color_opacity=\u00bb1&#8243; column_backdrop_filter=\u00bbnone\u00bb column_shadow=\u00bbnone\u00bb column_border_radius=\u00bbnone\u00bb column_link_target=\u00bb_self\u00bb overflow=\u00bbvisible\u00bb gradient_direction=\u00bbleft_to_right\u00bb overlay_strength=\u00bb0.3&#8243; width=\u00bb1\/12&#8243; tablet_width_inherit=\u00bbdefault\u00bb animation_type=\u00bbdefault\u00bb bg_image_animation=\u00bbnone\u00bb border_type=\u00bbsimple\u00bb column_border_width=\u00bbnone\u00bb column_border_style=\u00bbsolid\u00bb][image_with_animation image_url=\u00bb187&#8243; image_size=\u00bbfull\u00bb max_width=\u00bb100%\u00bb max_width_mobile=\u00bbdefault\u00bb animation_type=\u00bbentrance\u00bb animation=\u00bbNone\u00bb animation_movement_type=\u00bbtransform_y\u00bb hover_animation=\u00bbnone\u00bb alignment=\u00bb\u00bb border_radius=\u00bbnone\u00bb box_shadow=\u00bbnone\u00bb image_loading=\u00bbdefault\u00bb][\/vc_column_inner][vc_column_inner column_padding=\u00bbpadding-1-percent\u00bb column_padding_tablet=\u00bbinherit\u00bb column_padding_phone=\u00bbinherit\u00bb column_padding_position=\u00bbtop-bottom\u00bb flex_gap_desktop=\u00bb10px\u00bb column_element_direction_desktop=\u00bbdefault\u00bb column_element_spacing=\u00bbdefault\u00bb desktop_text_alignment=\u00bbdefault\u00bb tablet_text_alignment=\u00bbdefault\u00bb phone_text_alignment=\u00bbdefault\u00bb background_color_opacity=\u00bb1&#8243; background_hover_color_opacity=\u00bb1&#8243; column_backdrop_filter=\u00bbnone\u00bb column_shadow=\u00bbnone\u00bb column_border_radius=\u00bbnone\u00bb column_link_target=\u00bb_self\u00bb overflow=\u00bbvisible\u00bb gradient_direction=\u00bbleft_to_right\u00bb overlay_strength=\u00bb0.3&#8243; width=\u00bb11\/12&#8243; tablet_width_inherit=\u00bbdefault\u00bb animation_type=\u00bbdefault\u00bb bg_image_animation=\u00bbnone\u00bb border_type=\u00bbsimple\u00bb column_border_width=\u00bbnone\u00bb column_border_style=\u00bbsolid\u00bb][vc_column_text css_animation=\u00bbnone\u00bb]\n<h5><span style=\"color: #0082ca;\">BROCHURE CORPORATIVO<\/span><\/h5>\n[\/vc_column_text][vc_column_text css=\u00bb\u00bb el_class=\u00bbreadmore-content\u00bb text_direction=\u00bbdefault\u00bb]\n<h6><a href=\"https:\/\/www.goldenomega.cl\/wp-content\/uploads\/2025\/02\/GoldenOmega_DigitalBrochure2025.pdf\" target=\"_blank\" rel=\"noopener noreferrer\">DESCARGA \u2304<\/a><\/h6>\n[\/vc_column_text][\/vc_column_inner][\/vc_row_inner][divider line_type=\u00bbNo Line\u00bb custom_height=\u00bb25&#8243;]\n\t\t\t\t<p class=\"rs-p-wp-fix\"><\/p>\n\t\t\t\t<sr7-module data-alias=\"about-us\" data-id=\"4\" id=\"SR7_4_1\" class=\"rs-ov-hidden\" data-version=\"6.7.54\">\n\t\t\t\t\t<sr7-adjuster><\/sr7-adjuster>\n\t\t\t\t\t<sr7-content>\n\t\t\t\t\t\t<sr7-slide id=\"SR7_4_1-2\" data-key=\"2\">\n\t\t\t\t\t\t\t<sr7-bg id=\"SR7_4_1-2-1\" class=\"sr7-layer\"><noscript><img decoding=\"async\" src=\"https:\/\/www.goldenomega.cl\/wp-content\/uploads\/2017\/04\/img01_banner03.jpg\" alt=\"\" title=\"img01_banner03\"><\/noscript><\/sr7-bg>\n\t\t\t\t\t\t<\/sr7-slide>\n\t\t\t\t\t\t<sr7-slide id=\"SR7_4_1-3\" data-key=\"3\">\n\t\t\t\t\t\t\t<sr7-bg id=\"SR7_4_1-3-1\" class=\"sr7-layer\"><noscript><img decoding=\"async\" src=\"https:\/\/www.goldenomega.cl\/wp-content\/uploads\/2017\/04\/img03_banner03.jpg\" alt=\"\" title=\"img03_banner03\"><\/noscript><\/sr7-bg>\n\t\t\t\t\t\t<\/sr7-slide>\n\t\t\t\t\t\t<sr7-slide id=\"SR7_4_1-4\" data-key=\"4\">\n\t\t\t\t\t\t\t<sr7-bg id=\"SR7_4_1-4-1\" class=\"sr7-layer\"><noscript><img decoding=\"async\" src=\"https:\/\/www.goldenomega.cl\/wp-content\/uploads\/2017\/04\/img04_banner03.jpg\" alt=\"\" title=\"img04_banner03\"><\/noscript><\/sr7-bg>\n\t\t\t\t\t\t<\/sr7-slide>\n\t\t\t\t\t\t<sr7-slide id=\"SR7_4_1-5\" data-key=\"5\">\n\t\t\t\t\t\t\t<sr7-bg id=\"SR7_4_1-5-1\" class=\"sr7-layer\"><noscript><img decoding=\"async\" src=\"https:\/\/www.goldenomega.cl\/wp-content\/uploads\/2017\/04\/img02_banner03-1.jpg\" alt=\"\" title=\"img02_banner03\"><\/noscript><\/sr7-bg>\n\t\t\t\t\t\t<\/sr7-slide>\n\t\t\t\t\t<\/sr7-content>\n\t\t\t\t\t<image_lists style=\"display:none\">\n\t\t\t\t\t\t<img data-src=\"\/\/www.goldenomega.cl\/wp-content\/uploads\/2017\/04\/img01_banner03.jpg\" width=\"0\" height=\"0\" data-dbsrc=\"Ly93d3cuZ29sZGVub21lZ2EuY2wvd3AtY29udGVudC91cGxvYWRzLzIwMTcvMDQvaW1nMDFfYmFubmVyMDMuanBn\"\/>\n\t\t\t\t\t\t<img data-src=\"\/\/www.goldenomega.cl\/wp-content\/uploads\/2017\/04\/img03_banner03.jpg\" width=\"0\" height=\"0\" data-dbsrc=\"Ly93d3cuZ29sZGVub21lZ2EuY2wvd3AtY29udGVudC91cGxvYWRzLzIwMTcvMDQvaW1nMDNfYmFubmVyMDMuanBn\"\/>\n\t\t\t\t\t\t<img data-src=\"\/\/www.goldenomega.cl\/wp-content\/uploads\/2017\/04\/img04_banner03.jpg\" width=\"0\" height=\"0\" data-dbsrc=\"Ly93d3cuZ29sZGVub21lZ2EuY2wvd3AtY29udGVudC91cGxvYWRzLzIwMTcvMDQvaW1nMDRfYmFubmVyMDMuanBn\"\/>\n\t\t\t\t\t\t<img data-src=\"\/\/www.goldenomega.cl\/wp-content\/uploads\/2017\/04\/img02_banner03-1.jpg\" width=\"0\" height=\"0\" data-dbsrc=\"Ly93d3cuZ29sZGVub21lZ2EuY2wvd3AtY29udGVudC91cGxvYWRzLzIwMTcvMDQvaW1nMDJfYmFubmVyMDMtMS5qcGc=\"\/>\n\t\t\t\t\t<\/image_lists>\n\t\t\t\t<\/sr7-module>\n\t\t\t\t<script>\n\t\t\t\t\twindow.SR7 ??={};SR7.PMH ??={}; SR7.PMH[\"SR7_4_1\"] = {cn:100,state:false,fn: function() { if (window._tpt!==undefined && window._tpt.prepareModuleHeight !== undefined) {  _tpt.prepareModuleHeight({id:\"SR7_4_1\",type:'standard',shdw:'0',gh:[350,350,350,350,223],gw:[755,755,755,755,480],vpt:['-200px'],size:{fullWidth:false, fullHeight:false},mh:'0',onh:0,onw:0,bg:{color:'{\"orig\":\"transparent\",\"type\":\"solid\",\"string\":\"transparent\"}'},plType:'0',plColor:'#FFFFFF'});   SR7.PMH[\"SR7_4_1\"].state=true;} else if(SR7.PMH[\"SR7_4_1\"].cn-->0)\tsetTimeout( SR7.PMH[\"SR7_4_1\"].fn,19);}};SR7.PMH[\"SR7_4_1\" ].fn();\n\t\t\t\t<\/script>\n[\/vc_column][\/vc_row]\n","protected":false},"excerpt":{"rendered":"<p>[vc_row type=\u00bbin_container\u00bb full_screen_row_position=\u00bbmiddle\u00bb column_margin=\u00bbdefault\u00bb column_direction=\u00bbdefault\u00bb column_direction_tablet=\u00bbdefault\u00bb column_direction_phone=\u00bbdefault\u00bb scene_position=\u00bbcenter\u00bb top_padding=\u00bb25&#8243; bottom_padding=\u00bb25&#8243; text_color=\u00bbdark\u00bb text_align=\u00bbleft\u00bb row_border_radius=\u00bbnone\u00bb row_border_radius_applies=\u00bbbg\u00bb row_position_desktop=\u00bbdefault\u00bb row_position_tablet=\u00bbinherit\u00bb row_position_phone=\u00bbinherit\u00bb overflow=\u00bbvisible\u00bb overlay_strength=\u00bb0.3&#8243; gradient_direction=\u00bbleft_to_right\u00bb shape_divider_position=\u00bbbottom\u00bb bg_image_animation=\u00bbnone\u00bb][vc_column column_padding=\u00bbno-extra-padding\u00bb column_padding_tablet=\u00bbinherit\u00bb column_padding_phone=\u00bbinherit\u00bb column_padding_position=\u00bball\u00bb flex_gap_desktop=\u00bb10px\u00bb column_element_direction_desktop=\u00bbdefault\u00bb column_element_spacing=\u00bbdefault\u00bb desktop_text_alignment=\u00bbdefault\u00bb&#8230;<\/p>\n","protected":false},"author":1,"featured_media":0,"parent":0,"menu_order":0,"comment_status":"closed","ping_status":"closed","template":"","meta":{"inline_featured_image":false,"footnotes":""},"class_list":["post-992","page","type-page","status-publish"],"_links":{"self":[{"href":"https:\/\/www.goldenomega.cl\/es\/wp-json\/wp\/v2\/pages\/992","targetHints":{"allow":["GET"]}}],"collection":[{"href":"https:\/\/www.goldenomega.cl\/es\/wp-json\/wp\/v2\/pages"}],"about":[{"href":"https:\/\/www.goldenomega.cl\/es\/wp-json\/wp\/v2\/types\/page"}],"author":[{"embeddable":true,"href":"https:\/\/www.goldenomega.cl\/es\/wp-json\/wp\/v2\/users\/1"}],"replies":[{"embeddable":true,"href":"https:\/\/www.goldenomega.cl\/es\/wp-json\/wp\/v2\/comments?post=992"}],"version-history":[{"count":0,"href":"https:\/\/www.goldenomega.cl\/es\/wp-json\/wp\/v2\/pages\/992\/revisions"}],"wp:attachment":[{"href":"https:\/\/www.goldenomega.cl\/es\/wp-json\/wp\/v2\/media?parent=992"}],"curies":[{"name":"wp","href":"https:\/\/api.w.org\/{rel}","templated":true}]}}